{"id":8472,"date":"2025-08-10T19:28:57","date_gmt":"2025-08-10T17:28:57","guid":{"rendered":"https:\/\/sts.com.cy\/?post_type=product&#038;p=8472"},"modified":"2025-08-10T19:28:57","modified_gmt":"2025-08-10T17:28:57","slug":"dahua-wr-ac1200-wireless-dual-band-gigabit-router-ac12","status":"publish","type":"product","link":"https:\/\/sts.com.cy\/el\/shop\/wifi\/routers\/dahua-wr-ac1200-wireless-dual-band-gigabit-router-ac12\/","title":{"rendered":"Dahua WR AC1200 Wireless Dual Band Gigabit Router AC12"},"content":{"rendered":"<p>Hardware<\/p>\n<ul>\n<li>External Port : 1\u00d710\/100\/1000 Mbps(WAN) \/ 3\u00d710\/100\/1000 Mbps(LAN)<\/li>\n<li>Power Consumption : &lt;12 W<\/li>\n<li>Memory : 64 MB RAM<\/li>\n<li>Indicator Light : PWR<\/li>\n<li>Wireless Standard : 2.4 GHz: 802.11 b\/g\/n \/ 5 GHz: 802.11 a\/b\/g\/n\/ac<\/li>\n<\/ul>\n<p>Performance<\/p>\n<ul>\n<li>Operating Frequency : 2.412 GHz\u20132.484 GHz \/ 5.150 GHz\u20135.850 GHz<\/li>\n<li>Wireless Transmission Rate : 2.4 GHz: 300 Mbps \/ 5 GHz: 867 Mbps<\/li>\n<li>Channel Width : 20\/40\/80 MHz<\/li>\n<li>Max. Output Power : 20 dBm \u00b1 2 dBm<\/li>\n<li>Antenna Gain : 2.4 GHz: 5 dBi (\u00b10.5) \/ 5 GHz: 5dBi (\u00b10.5)<\/li>\n<li>Receiver Sensitivity 5GHz: 11ac VHT80_MCS0: -89dbm \/ 11ac VHT80_MCS9:-62dbm\u00a0 \/ 2.4GHz :\u00a011n HT20_MCS0: -95dbm \/ 11n HT20_MCS7: -75dbm \/ 11n HT40_MCS0: -92dbm \/ 11n HT40_MCS7: -72dbm<\/li>\n<li>Channel : 2.4 GHz: 1-13 \/ 5GHz:36\/40\/44\/48,52\/56\/60\/64,149\/151\/153\/157\/161\/165<\/li>\n<li>Connected Wireless Terminals : 2.4 GHz: 32\u00a0 \/ 5 GHz: 32<\/li>\n<\/ul>\n<p>Function<\/p>\n<ul>\n<li>Encryption Mode : WPA \/ WPA2<\/li>\n<li>Firmware Update : Web\/WiLynk App update<\/li>\n<li>OFDMA : Yes<\/li>\n<li>MU-MIMO : 2&#215;2<\/li>\n<li>DHCP : Yes<\/li>\n<li>NAT : Mapping based on port<\/li>\n<li>VPN : L2TP \/ PPTP<\/li>\n<li>QoS : Yes<\/li>\n<li>DDNS : Yes<\/li>\n<li>Parental Controls : Yes<\/li>\n<li>Equipment Management : Yes<\/li>\n<\/ul>\n<p>General<\/p>\n<ul>\n<li>Power Supply : 12 VDC,1A<\/li>\n<li>Operating Temperature : 0 \u00b0C to 40 \u00b0C (32 \u00b0F to 104 \u00b0F)<\/li>\n<li>Storage Temperature : 20 \u00b0C to +70 \u00b0C (\u20134 \u00b0F to 158 \u00b0F)<\/li>\n<li>Operating Humidity : 0%\u201390% (RH), non-condensing<\/li>\n<li>Net Weight : 0.31 kg<\/li>\n<li>Packaging Dimensions : 300 mm \u00d7 260 mm \u00d7 70 mm (L \u00d7 W \u00d7 H)<\/li>\n<li>Product Dimensions : 222 mm \u00d7 147.4 mm \u00d7 188.4 mm (L \u00d7 W \u00d7 H)<\/li>\n<li>Statics Protection : Air discharge: 8 kV \/ Contact discharge: 6 kV<\/li>\n<li>Lighting Protection : Common mode: 2 kV \/ Differential mode: 0.5 kV<\/li>\n<li>Installation : Desktop mount; wall mount<\/li>\n<\/ul>\n<p>Packing List<\/p>\n<ul>\n<li>1 \u00d7 Device<\/li>\n<li>1 \u00d7 Power adapter<\/li>\n<li>1 \u00d7 Ethernet cable<\/li>\n<li>1 \u00d7 Quick Start Guide<\/li>\n<li>1 \u00d7 Legal and Regulatory Information<\/li>\n<\/ul>","protected":false},"excerpt":{"rendered":"<div class=\"short_xfields short-description hide-for-small-only111 mb-0 hide-quickview\">\n<ul>\n<li>Type: Wireless<\/li>\n<li>Antennas: 4x5dbi<\/li>\n<li>Ethernet Speed: Gigabit<\/li>\n<li>Wi-Fi Technology: Wi-Fi 5<\/li>\n<li>Wi-Fi Speed: AC1200<\/li>\n<li>Ethernet Ports: 3<\/li>\n<li>System Memory: 64MB RAM<\/li>\n<li>Other Features: Gigabit WAN<\/li>\n<\/ul>\n<\/div>\n<div class=\"product-basic-info\"><\/div>","protected":false},"featured_media":8473,"comment_status":"open","ping_status":"closed","template":"","meta":{"nf_dc_page":""},"product_brand":[70],"product_cat":[60,128],"product_tag":[],"class_list":{"0":"post-8472","1":"product","2":"type-product","3":"status-publish","4":"has-post-thumbnail","6":"product_brand-dahua","7":"product_cat-wifi","8":"product_cat-routers","9":"cms-has-post-thumbnail","11":"first","12":"instock","13":"shipping-taxable","14":"purchasable","15":"product-type-simple"},"yoast_head":"<!-- This site is optimized with the Yoast SEO plugin v27.5 - https:\/\/yoast.com\/product\/yoast-seo-wordpress\/ -->\n<title>Dahua WR AC1200 Wireless Dual Band Gigabit Router AC12 - STS.COM.CY<\/title>\n<meta name=\"robots\" content=\"index, follow, max-snippet:-1, max-image-preview:large, max-video-preview:-1\" \/>\n<link rel=\"canonical\" href=\"https:\/\/sts.com.cy\/el\/shop\/wifi\/routers\/dahua-wr-ac1200-wireless-dual-band-gigabit-router-ac12\/\" \/>\n<meta property=\"og:locale\" content=\"el_GR\" \/>\n<meta property=\"og:type\" content=\"article\" \/>\n<meta property=\"og:title\" content=\"Dahua WR AC1200 Wireless Dual Band Gigabit Router AC12 - STS.COM.CY\" \/>\n<meta property=\"og:description\" content=\"Type: Wireless  Antennas: 4x5dbi  Ethernet Speed: Gigabit  Wi-Fi Technology: Wi-Fi 5  Wi-Fi Speed: AC1200  Ethernet Ports: 3  System Memory: 64MB RAM  Other Features: Gigabit WAN\" \/>\n<meta property=\"og:url\" content=\"https:\/\/sts.com.cy\/el\/shop\/wifi\/routers\/dahua-wr-ac1200-wireless-dual-band-gigabit-router-ac12\/\" \/>\n<meta property=\"og:site_name\" content=\"STS.COM.CY\" \/>\n<meta property=\"og:image\" content=\"https:\/\/sts.com.cy\/wp-content\/uploads\/2025\/08\/1_1711788451-e1754846906101.jpg\" \/>\n\t<meta property=\"og:image:width\" content=\"2160\" \/>\n\t<meta property=\"og:image:height\" content=\"1910\" \/>\n\t<meta property=\"og:image:type\" content=\"image\/jpeg\" \/>\n<meta name=\"twitter:card\" content=\"summary_large_image\" \/>\n<meta name=\"twitter:label1\" content=\"\u0395\u03ba\u03c4\u03b9\u03bc\u03ce\u03bc\u03b5\u03bd\u03bf\u03c2 \u03c7\u03c1\u03cc\u03bd\u03bf\u03c2 \u03b1\u03bd\u03ac\u03b3\u03bd\u03c9\u03c3\u03b7\u03c2\" \/>\n\t<meta name=\"twitter:data1\" content=\"1 \u03bb\u03b5\u03c0\u03c4\u03cc\" \/>\n<script type=\"application\/ld+json\" class=\"yoast-schema-graph\">{\"@context\":\"https:\\\/\\\/schema.org\",\"@graph\":[{\"@type\":\"WebPage\",\"@id\":\"https:\\\/\\\/sts.com.cy\\\/shop\\\/wifi\\\/routers\\\/dahua-wr-ac1200-wireless-dual-band-gigabit-router-ac12\\\/\",\"url\":\"https:\\\/\\\/sts.com.cy\\\/shop\\\/wifi\\\/routers\\\/dahua-wr-ac1200-wireless-dual-band-gigabit-router-ac12\\\/\",\"name\":\"Dahua WR AC1200 Wireless Dual Band Gigabit Router AC12 - STS.COM.CY\",\"isPartOf\":{\"@id\":\"https:\\\/\\\/sts.com.cy\\\/#website\"},\"primaryImageOfPage\":{\"@id\":\"https:\\\/\\\/sts.com.cy\\\/shop\\\/wifi\\\/routers\\\/dahua-wr-ac1200-wireless-dual-band-gigabit-router-ac12\\\/#primaryimage\"},\"image\":{\"@id\":\"https:\\\/\\\/sts.com.cy\\\/shop\\\/wifi\\\/routers\\\/dahua-wr-ac1200-wireless-dual-band-gigabit-router-ac12\\\/#primaryimage\"},\"thumbnailUrl\":\"https:\\\/\\\/sts.com.cy\\\/wp-content\\\/uploads\\\/2025\\\/08\\\/1_1711788451-e1754846906101.jpg\",\"datePublished\":\"2025-08-10T17:28:57+00:00\",\"breadcrumb\":{\"@id\":\"https:\\\/\\\/sts.com.cy\\\/shop\\\/wifi\\\/routers\\\/dahua-wr-ac1200-wireless-dual-band-gigabit-router-ac12\\\/#breadcrumb\"},\"inLanguage\":\"el\",\"potentialAction\":[{\"@type\":\"ReadAction\",\"target\":[\"https:\\\/\\\/sts.com.cy\\\/shop\\\/wifi\\\/routers\\\/dahua-wr-ac1200-wireless-dual-band-gigabit-router-ac12\\\/\"]}]},{\"@type\":\"ImageObject\",\"inLanguage\":\"el\",\"@id\":\"https:\\\/\\\/sts.com.cy\\\/shop\\\/wifi\\\/routers\\\/dahua-wr-ac1200-wireless-dual-band-gigabit-router-ac12\\\/#primaryimage\",\"url\":\"https:\\\/\\\/sts.com.cy\\\/wp-content\\\/uploads\\\/2025\\\/08\\\/1_1711788451-e1754846906101.jpg\",\"contentUrl\":\"https:\\\/\\\/sts.com.cy\\\/wp-content\\\/uploads\\\/2025\\\/08\\\/1_1711788451-e1754846906101.jpg\",\"width\":2160,\"height\":1910},{\"@type\":\"BreadcrumbList\",\"@id\":\"https:\\\/\\\/sts.com.cy\\\/shop\\\/wifi\\\/routers\\\/dahua-wr-ac1200-wireless-dual-band-gigabit-router-ac12\\\/#breadcrumb\",\"itemListElement\":[{\"@type\":\"ListItem\",\"position\":1,\"name\":\"Home\",\"item\":\"https:\\\/\\\/sts.com.cy\\\/\"},{\"@type\":\"ListItem\",\"position\":2,\"name\":\"Shop\",\"item\":\"https:\\\/\\\/sts.com.cy\\\/shop\\\/\"},{\"@type\":\"ListItem\",\"position\":3,\"name\":\"Dahua WR AC1200 Wireless Dual Band Gigabit Router AC12\"}]},{\"@type\":\"WebSite\",\"@id\":\"https:\\\/\\\/sts.com.cy\\\/#website\",\"url\":\"https:\\\/\\\/sts.com.cy\\\/\",\"name\":\"STS.COM.CY\",\"description\":\"THE REVOLUTION IN TECHNOLOGY\",\"potentialAction\":[{\"@type\":\"SearchAction\",\"target\":{\"@type\":\"EntryPoint\",\"urlTemplate\":\"https:\\\/\\\/sts.com.cy\\\/?s={search_term_string}\"},\"query-input\":{\"@type\":\"PropertyValueSpecification\",\"valueRequired\":true,\"valueName\":\"search_term_string\"}}],\"inLanguage\":\"el\"}]}<\/script>\n<!-- \/ Yoast SEO plugin. -->","yoast_head_json":{"title":"Dahua WR AC1200 Wireless Dual Band Gigabit Router AC12 - STS.COM.CY","robots":{"index":"index","follow":"follow","max-snippet":"max-snippet:-1","max-image-preview":"max-image-preview:large","max-video-preview":"max-video-preview:-1"},"canonical":"https:\/\/sts.com.cy\/el\/shop\/wifi\/routers\/dahua-wr-ac1200-wireless-dual-band-gigabit-router-ac12\/","og_locale":"el_GR","og_type":"article","og_title":"Dahua WR AC1200 Wireless Dual Band Gigabit Router AC12 - STS.COM.CY","og_description":"Type: Wireless  Antennas: 4x5dbi  Ethernet Speed: Gigabit  Wi-Fi Technology: Wi-Fi 5  Wi-Fi Speed: AC1200  Ethernet Ports: 3  System Memory: 64MB RAM  Other Features: Gigabit WAN","og_url":"https:\/\/sts.com.cy\/el\/shop\/wifi\/routers\/dahua-wr-ac1200-wireless-dual-band-gigabit-router-ac12\/","og_site_name":"STS.COM.CY","og_image":[{"width":2160,"height":1910,"url":"https:\/\/sts.com.cy\/wp-content\/uploads\/2025\/08\/1_1711788451-e1754846906101.jpg","type":"image\/jpeg"}],"twitter_card":"summary_large_image","twitter_misc":{"\u0395\u03ba\u03c4\u03b9\u03bc\u03ce\u03bc\u03b5\u03bd\u03bf\u03c2 \u03c7\u03c1\u03cc\u03bd\u03bf\u03c2 \u03b1\u03bd\u03ac\u03b3\u03bd\u03c9\u03c3\u03b7\u03c2":"1 \u03bb\u03b5\u03c0\u03c4\u03cc"},"schema":{"@context":"https:\/\/schema.org","@graph":[{"@type":"WebPage","@id":"https:\/\/sts.com.cy\/shop\/wifi\/routers\/dahua-wr-ac1200-wireless-dual-band-gigabit-router-ac12\/","url":"https:\/\/sts.com.cy\/shop\/wifi\/routers\/dahua-wr-ac1200-wireless-dual-band-gigabit-router-ac12\/","name":"Dahua WR AC1200 Wireless Dual Band Gigabit Router AC12 - STS.COM.CY","isPartOf":{"@id":"https:\/\/sts.com.cy\/#website"},"primaryImageOfPage":{"@id":"https:\/\/sts.com.cy\/shop\/wifi\/routers\/dahua-wr-ac1200-wireless-dual-band-gigabit-router-ac12\/#primaryimage"},"image":{"@id":"https:\/\/sts.com.cy\/shop\/wifi\/routers\/dahua-wr-ac1200-wireless-dual-band-gigabit-router-ac12\/#primaryimage"},"thumbnailUrl":"https:\/\/sts.com.cy\/wp-content\/uploads\/2025\/08\/1_1711788451-e1754846906101.jpg","datePublished":"2025-08-10T17:28:57+00:00","breadcrumb":{"@id":"https:\/\/sts.com.cy\/shop\/wifi\/routers\/dahua-wr-ac1200-wireless-dual-band-gigabit-router-ac12\/#breadcrumb"},"inLanguage":"el","potentialAction":[{"@type":"ReadAction","target":["https:\/\/sts.com.cy\/shop\/wifi\/routers\/dahua-wr-ac1200-wireless-dual-band-gigabit-router-ac12\/"]}]},{"@type":"ImageObject","inLanguage":"el","@id":"https:\/\/sts.com.cy\/shop\/wifi\/routers\/dahua-wr-ac1200-wireless-dual-band-gigabit-router-ac12\/#primaryimage","url":"https:\/\/sts.com.cy\/wp-content\/uploads\/2025\/08\/1_1711788451-e1754846906101.jpg","contentUrl":"https:\/\/sts.com.cy\/wp-content\/uploads\/2025\/08\/1_1711788451-e1754846906101.jpg","width":2160,"height":1910},{"@type":"BreadcrumbList","@id":"https:\/\/sts.com.cy\/shop\/wifi\/routers\/dahua-wr-ac1200-wireless-dual-band-gigabit-router-ac12\/#breadcrumb","itemListElement":[{"@type":"ListItem","position":1,"name":"Home","item":"https:\/\/sts.com.cy\/"},{"@type":"ListItem","position":2,"name":"Shop","item":"https:\/\/sts.com.cy\/shop\/"},{"@type":"ListItem","position":3,"name":"Dahua WR AC1200 Wireless Dual Band Gigabit Router AC12"}]},{"@type":"WebSite","@id":"https:\/\/sts.com.cy\/#website","url":"https:\/\/sts.com.cy\/","name":"STS.COM.CY","description":"THE REVOLUTION IN TECHNOLOGY","potentialAction":[{"@type":"SearchAction","target":{"@type":"EntryPoint","urlTemplate":"https:\/\/sts.com.cy\/?s={search_term_string}"},"query-input":{"@type":"PropertyValueSpecification","valueRequired":true,"valueName":"search_term_string"}}],"inLanguage":"el"}]}},"_links":{"self":[{"href":"https:\/\/sts.com.cy\/el\/wp-json\/wp\/v2\/product\/8472","targetHints":{"allow":["GET"]}}],"collection":[{"href":"https:\/\/sts.com.cy\/el\/wp-json\/wp\/v2\/product"}],"about":[{"href":"https:\/\/sts.com.cy\/el\/wp-json\/wp\/v2\/types\/product"}],"replies":[{"embeddable":true,"href":"https:\/\/sts.com.cy\/el\/wp-json\/wp\/v2\/comments?post=8472"}],"wp:featuredmedia":[{"embeddable":true,"href":"https:\/\/sts.com.cy\/el\/wp-json\/wp\/v2\/media\/8473"}],"wp:attachment":[{"href":"https:\/\/sts.com.cy\/el\/wp-json\/wp\/v2\/media?parent=8472"}],"wp:term":[{"taxonomy":"product_brand","embeddable":true,"href":"https:\/\/sts.com.cy\/el\/wp-json\/wp\/v2\/product_brand?post=8472"},{"taxonomy":"product_cat","embeddable":true,"href":"https:\/\/sts.com.cy\/el\/wp-json\/wp\/v2\/product_cat?post=8472"},{"taxonomy":"product_tag","embeddable":true,"href":"https:\/\/sts.com.cy\/el\/wp-json\/wp\/v2\/product_tag?post=8472"}],"curies":[{"name":"wp","href":"https:\/\/api.w.org\/{rel}","templated":true}]}}