{"id":8399,"date":"2025-08-05T01:28:02","date_gmt":"2025-08-04T23:28:02","guid":{"rendered":"https:\/\/sts.com.cy\/?post_type=product&#038;p=8399"},"modified":"2025-08-05T01:28:03","modified_gmt":"2025-08-04T23:28:03","slug":"dahua-nvr-8ch-1hdd-80mbps-h265","status":"publish","type":"product","link":"https:\/\/sts.com.cy\/el\/shop\/cctv\/nvr\/dahua-nvr-8ch-1hdd-80mbps-h265\/","title":{"rendered":"Dahua NVR 8ch 1HDD 80mbps H265"},"content":{"rendered":"<p>System<\/p>\n<ul>\n<li>Main Processor : Industrial-grade embedded processor<\/li>\n<li>Operating System : Embedded Linux<\/li>\n<li>Operation Interface : Web\/operating in local GUI<\/li>\n<\/ul>\n<p>AI<\/p>\n<ul>\n<li>AI by Recorder : SMD<\/li>\n<li>AI by Camera : Perimeter protection; SMD<\/li>\n<\/ul>\n<p>Perimeter Protection<\/p>\n<ul>\n<li>Perimeter Performance of AI by Camera (Number of Channels) : 4<\/li>\n<\/ul>\n<p>SMD Plus<\/p>\n<ul>\n<li>SMD Plus by Recorder : 4 channels: Secondary filtering for human and motor vehicle, reducing false alarms caused by leaves, rain and lighting condition change<\/li>\n<li>SMD Plus by Camera : All channels (8 targets\/s)<\/li>\n<\/ul>\n<p>Video<\/p>\n<ul>\n<li>Access Channel : 8 channels<\/li>\n<li>Network Bandwidth :\u00a080 Mbps incoming, 80 Mbps recording and 60 Mbps outgoing<\/li>\n<li>Resolution : 12M\/8M\/5M\/4M\/3M\/2M\/720p\/D1<\/li>\n<li>Decoding Capability : AI disabled: 1-channel 12MP@30 fps; 1-channel 8MP@30 fps; 2-channel 5MP@30 fps; 3-channel 4MP@30 fps; 6-channel 1080p@30 fps \/ AI enabled: 1-channel 8MP@30 fps; 1-channel 5MP@30 fps; 2-channel 4MP@30 fps; 4-channel 1080p@30 fps<\/li>\n<li>Video Output : 1 VGA\/1 HDMI simultaneous video output by default, the maximum resolution of HDMI is 4K<\/li>\n<li>Multi-screen Display : 1, 4, 8, 9 views<\/li>\n<li>Third Party Camera Access : Onvif<\/li>\n<\/ul>\n<p>Compression<\/p>\n<ul>\n<li>Video : H.264\/.H265\/Smart H.264+\/Smart H.265+\/MJPEG<\/li>\n<li>Audio :\u00a0G.711a; G.711u; PCM; G726<\/li>\n<\/ul>\n<p>Network<\/p>\n<ul>\n<li>\n<div>HTTP; HTTPS; TCP\/IP; IPv4; IPv6; UDP; NTP; DHCP; DNS; SMTP; IP Filter; DDNS; IP Search (Supports IP camera, DVR, NVS, etc.); P2P; Auto Registration<\/div>\n<\/li>\n<li>Mobile Phone Access : Android, iOS<\/li>\n<li>Interoperability : ONVIF (profile T\/profile S\/profile G), CGI, SDK<\/li>\n<li>Browser : Chrome, IE9 or above, Firefox<\/li>\n<\/ul>\n<p>Record Playback<\/p>\n<ul>\n<li>Multi-channel Playback : Up to 8 channels<\/li>\n<li>Record Mode : General, motion detection; intelligent; alarm<\/li>\n<li>Backup Method : USB device and network<\/li>\n<li>Playback Mode : Instant playback; general playback; event playback; tag playback; smart playback<\/li>\n<\/ul>\n<p>Alarm<\/p>\n<ul>\n<li>General Alarm : Motion detection, privacy masking, video loss, PIR alarm, IPC alarm<\/li>\n<li>Anomaly Alarm : Front-end device going offline, storage error, full storage, IP conflict, MAC conflict, login lock, network security anomaly<\/li>\n<li>Intelligent Alarm : Face detection; face recognition; perimeter protection (intrusion and tripwire); IVS; SMD Plus<\/li>\n<li>Alarm Linkage : Video recording, snapshot, log, preset, tour<\/li>\n<\/ul>\n<p>External Port<\/p>\n<ul>\n<li>Audio Input : 1-channel RCA<\/li>\n<li>Audio Output : 1-channel RCA<\/li>\n<li>Alarm Input : NA (2 channels are optional)<\/li>\n<li>Alarm Output : NA (1-channel 12 V 1 A output is optional)<\/li>\n<li>Disk Interface : 1 SATA port. Each disk can contain up to 20 TB. this limit varies depending on the environment temperature.<\/li>\n<li>USB : 2 (2 rear USB 2.0 ports)<\/li>\n<li>HDMI : 1<\/li>\n<li>VGA : 1<\/li>\n<li>Network Port : 1 (10\/100 Mbps Ethernet port, RJ-45)<\/li>\n<\/ul>\n<p>General Parameter<\/p>\n<ul>\n<li>Power Supply : 12 VDC, 1.5 A<\/li>\n<li>Power Consumption : &lt;10 W (without HDD)<\/li>\n<li>Net Weight : 0.45 kg<\/li>\n<li>Gross Weight : 1.05 kg<\/li>\n<li>Product Dimensions : 204.6 mm \u00d7 206.4 mm \u00d7 45.6 mm (W \u00d7 D \u00d7 H)<\/li>\n<li>Packaging Dimensions : 364.0 mm \u00d7 96.0 mm \u00d7 261.0 mm (W \u00d7 D \u00d7 H)<\/li>\n<li>Operating Temperature : \u201310 \u00b0C to +55 \u00b0C<\/li>\n<li>Storage Temperature : \u201320 \u00b0C to +60 \u00b0C<\/li>\n<li>Operating Humidity : 10%\u201393% (RH), non-condensing<\/li>\n<\/ul>\n<p>Certifications<\/p>\n<ul>\n<li>CE-LVD: IEC 62368-1:2014<\/li>\n<li>CE-EMC: EN IEC 61000-3-2:2019, EN 61000-3-3:2013+A1:2019, EN 55032:2015+A11:2020, EN 55035:2017+A11:2020, EN 55024:2010+A1:2015, EN 50130-4:2011+A1:2014<\/li>\n<\/ul>","protected":false},"excerpt":{"rendered":"<ul>\n<li>AI Features: SMD Plus,Perimeter Protection<\/li>\n<li>Channels: 8<\/li>\n<li>Max Input\/Record: 80Mbps\/80Mbps<\/li>\n<li>Compression: Smart H.265+\/H.265\/ Smart H.264+\/H.264<\/li>\n<li>HDD: 1 Disk Up to 20TB<\/li>\n<\/ul>","protected":false},"featured_media":8400,"comment_status":"open","ping_status":"closed","template":"","meta":{"nf_dc_page":""},"product_brand":[70],"product_cat":[62,63],"product_tag":[],"class_list":{"0":"post-8399","1":"product","2":"type-product","3":"status-publish","4":"has-post-thumbnail","6":"product_brand-dahua","7":"product_cat-cctv","8":"product_cat-nvr","9":"cms-has-post-thumbnail","11":"first","12":"instock","13":"shipping-taxable","14":"purchasable","15":"product-type-simple"},"yoast_head":"<!-- This site is optimized with the Yoast SEO plugin v27.5 - https:\/\/yoast.com\/product\/yoast-seo-wordpress\/ -->\n<title>Dahua NVR 8ch 1HDD 80mbps H265 - STS.COM.CY<\/title>\n<meta name=\"robots\" content=\"index, follow, max-snippet:-1, max-image-preview:large, max-video-preview:-1\" \/>\n<link rel=\"canonical\" href=\"https:\/\/sts.com.cy\/el\/shop\/cctv\/nvr\/dahua-nvr-8ch-1hdd-80mbps-h265\/\" \/>\n<meta property=\"og:locale\" content=\"el_GR\" \/>\n<meta property=\"og:type\" content=\"article\" \/>\n<meta property=\"og:title\" content=\"Dahua NVR 8ch 1HDD 80mbps H265 - STS.COM.CY\" \/>\n<meta property=\"og:description\" content=\"AI Features: SMD Plus,Perimeter Protection  Channels: 8  Max Input\/Record: 80Mbps\/80Mbps  Compression: Smart H.265+\/H.265\/ Smart H.264+\/H.264  HDD: 1 Disk Up to 20TB\" \/>\n<meta property=\"og:url\" content=\"https:\/\/sts.com.cy\/el\/shop\/cctv\/nvr\/dahua-nvr-8ch-1hdd-80mbps-h265\/\" \/>\n<meta property=\"og:site_name\" content=\"STS.COM.CY\" \/>\n<meta property=\"article:modified_time\" content=\"2025-08-04T23:28:03+00:00\" \/>\n<meta property=\"og:image\" content=\"https:\/\/sts.com.cy\/wp-content\/uploads\/2025\/08\/Dahua-NVR-8ch-1HDD-80mbps-H265.jpg\" \/>\n\t<meta property=\"og:image:width\" content=\"500\" \/>\n\t<meta property=\"og:image:height\" content=\"258\" \/>\n\t<meta property=\"og:image:type\" content=\"image\/jpeg\" \/>\n<meta name=\"twitter:card\" content=\"summary_large_image\" \/>\n<meta name=\"twitter:label1\" content=\"\u0395\u03ba\u03c4\u03b9\u03bc\u03ce\u03bc\u03b5\u03bd\u03bf\u03c2 \u03c7\u03c1\u03cc\u03bd\u03bf\u03c2 \u03b1\u03bd\u03ac\u03b3\u03bd\u03c9\u03c3\u03b7\u03c2\" \/>\n\t<meta name=\"twitter:data1\" content=\"2 \u03bb\u03b5\u03c0\u03c4\u03ac\" \/>\n<script type=\"application\/ld+json\" class=\"yoast-schema-graph\">{\"@context\":\"https:\\\/\\\/schema.org\",\"@graph\":[{\"@type\":\"WebPage\",\"@id\":\"https:\\\/\\\/sts.com.cy\\\/shop\\\/cctv\\\/nvr\\\/dahua-nvr-8ch-1hdd-80mbps-h265\\\/\",\"url\":\"https:\\\/\\\/sts.com.cy\\\/shop\\\/cctv\\\/nvr\\\/dahua-nvr-8ch-1hdd-80mbps-h265\\\/\",\"name\":\"Dahua NVR 8ch 1HDD 80mbps H265 - STS.COM.CY\",\"isPartOf\":{\"@id\":\"https:\\\/\\\/sts.com.cy\\\/#website\"},\"primaryImageOfPage\":{\"@id\":\"https:\\\/\\\/sts.com.cy\\\/shop\\\/cctv\\\/nvr\\\/dahua-nvr-8ch-1hdd-80mbps-h265\\\/#primaryimage\"},\"image\":{\"@id\":\"https:\\\/\\\/sts.com.cy\\\/shop\\\/cctv\\\/nvr\\\/dahua-nvr-8ch-1hdd-80mbps-h265\\\/#primaryimage\"},\"thumbnailUrl\":\"https:\\\/\\\/sts.com.cy\\\/wp-content\\\/uploads\\\/2025\\\/08\\\/Dahua-NVR-8ch-1HDD-80mbps-H265.jpg\",\"datePublished\":\"2025-08-04T23:28:02+00:00\",\"dateModified\":\"2025-08-04T23:28:03+00:00\",\"breadcrumb\":{\"@id\":\"https:\\\/\\\/sts.com.cy\\\/shop\\\/cctv\\\/nvr\\\/dahua-nvr-8ch-1hdd-80mbps-h265\\\/#breadcrumb\"},\"inLanguage\":\"el\",\"potentialAction\":[{\"@type\":\"ReadAction\",\"target\":[\"https:\\\/\\\/sts.com.cy\\\/shop\\\/cctv\\\/nvr\\\/dahua-nvr-8ch-1hdd-80mbps-h265\\\/\"]}]},{\"@type\":\"ImageObject\",\"inLanguage\":\"el\",\"@id\":\"https:\\\/\\\/sts.com.cy\\\/shop\\\/cctv\\\/nvr\\\/dahua-nvr-8ch-1hdd-80mbps-h265\\\/#primaryimage\",\"url\":\"https:\\\/\\\/sts.com.cy\\\/wp-content\\\/uploads\\\/2025\\\/08\\\/Dahua-NVR-8ch-1HDD-80mbps-H265.jpg\",\"contentUrl\":\"https:\\\/\\\/sts.com.cy\\\/wp-content\\\/uploads\\\/2025\\\/08\\\/Dahua-NVR-8ch-1HDD-80mbps-H265.jpg\",\"width\":500,\"height\":258},{\"@type\":\"BreadcrumbList\",\"@id\":\"https:\\\/\\\/sts.com.cy\\\/shop\\\/cctv\\\/nvr\\\/dahua-nvr-8ch-1hdd-80mbps-h265\\\/#breadcrumb\",\"itemListElement\":[{\"@type\":\"ListItem\",\"position\":1,\"name\":\"Home\",\"item\":\"https:\\\/\\\/sts.com.cy\\\/\"},{\"@type\":\"ListItem\",\"position\":2,\"name\":\"Shop\",\"item\":\"https:\\\/\\\/sts.com.cy\\\/shop\\\/\"},{\"@type\":\"ListItem\",\"position\":3,\"name\":\"Dahua NVR 8ch 1HDD 80mbps H265\"}]},{\"@type\":\"WebSite\",\"@id\":\"https:\\\/\\\/sts.com.cy\\\/#website\",\"url\":\"https:\\\/\\\/sts.com.cy\\\/\",\"name\":\"STS.COM.CY\",\"description\":\"THE REVOLUTION IN TECHNOLOGY\",\"potentialAction\":[{\"@type\":\"SearchAction\",\"target\":{\"@type\":\"EntryPoint\",\"urlTemplate\":\"https:\\\/\\\/sts.com.cy\\\/?s={search_term_string}\"},\"query-input\":{\"@type\":\"PropertyValueSpecification\",\"valueRequired\":true,\"valueName\":\"search_term_string\"}}],\"inLanguage\":\"el\"}]}<\/script>\n<!-- \/ Yoast SEO plugin. -->","yoast_head_json":{"title":"Dahua NVR 8ch 1HDD 80mbps H265 - STS.COM.CY","robots":{"index":"index","follow":"follow","max-snippet":"max-snippet:-1","max-image-preview":"max-image-preview:large","max-video-preview":"max-video-preview:-1"},"canonical":"https:\/\/sts.com.cy\/el\/shop\/cctv\/nvr\/dahua-nvr-8ch-1hdd-80mbps-h265\/","og_locale":"el_GR","og_type":"article","og_title":"Dahua NVR 8ch 1HDD 80mbps H265 - STS.COM.CY","og_description":"AI Features: SMD Plus,Perimeter Protection  Channels: 8  Max Input\/Record: 80Mbps\/80Mbps  Compression: Smart H.265+\/H.265\/ Smart H.264+\/H.264  HDD: 1 Disk Up to 20TB","og_url":"https:\/\/sts.com.cy\/el\/shop\/cctv\/nvr\/dahua-nvr-8ch-1hdd-80mbps-h265\/","og_site_name":"STS.COM.CY","article_modified_time":"2025-08-04T23:28:03+00:00","og_image":[{"width":500,"height":258,"url":"https:\/\/sts.com.cy\/wp-content\/uploads\/2025\/08\/Dahua-NVR-8ch-1HDD-80mbps-H265.jpg","type":"image\/jpeg"}],"twitter_card":"summary_large_image","twitter_misc":{"\u0395\u03ba\u03c4\u03b9\u03bc\u03ce\u03bc\u03b5\u03bd\u03bf\u03c2 \u03c7\u03c1\u03cc\u03bd\u03bf\u03c2 \u03b1\u03bd\u03ac\u03b3\u03bd\u03c9\u03c3\u03b7\u03c2":"2 \u03bb\u03b5\u03c0\u03c4\u03ac"},"schema":{"@context":"https:\/\/schema.org","@graph":[{"@type":"WebPage","@id":"https:\/\/sts.com.cy\/shop\/cctv\/nvr\/dahua-nvr-8ch-1hdd-80mbps-h265\/","url":"https:\/\/sts.com.cy\/shop\/cctv\/nvr\/dahua-nvr-8ch-1hdd-80mbps-h265\/","name":"Dahua NVR 8ch 1HDD 80mbps H265 - STS.COM.CY","isPartOf":{"@id":"https:\/\/sts.com.cy\/#website"},"primaryImageOfPage":{"@id":"https:\/\/sts.com.cy\/shop\/cctv\/nvr\/dahua-nvr-8ch-1hdd-80mbps-h265\/#primaryimage"},"image":{"@id":"https:\/\/sts.com.cy\/shop\/cctv\/nvr\/dahua-nvr-8ch-1hdd-80mbps-h265\/#primaryimage"},"thumbnailUrl":"https:\/\/sts.com.cy\/wp-content\/uploads\/2025\/08\/Dahua-NVR-8ch-1HDD-80mbps-H265.jpg","datePublished":"2025-08-04T23:28:02+00:00","dateModified":"2025-08-04T23:28:03+00:00","breadcrumb":{"@id":"https:\/\/sts.com.cy\/shop\/cctv\/nvr\/dahua-nvr-8ch-1hdd-80mbps-h265\/#breadcrumb"},"inLanguage":"el","potentialAction":[{"@type":"ReadAction","target":["https:\/\/sts.com.cy\/shop\/cctv\/nvr\/dahua-nvr-8ch-1hdd-80mbps-h265\/"]}]},{"@type":"ImageObject","inLanguage":"el","@id":"https:\/\/sts.com.cy\/shop\/cctv\/nvr\/dahua-nvr-8ch-1hdd-80mbps-h265\/#primaryimage","url":"https:\/\/sts.com.cy\/wp-content\/uploads\/2025\/08\/Dahua-NVR-8ch-1HDD-80mbps-H265.jpg","contentUrl":"https:\/\/sts.com.cy\/wp-content\/uploads\/2025\/08\/Dahua-NVR-8ch-1HDD-80mbps-H265.jpg","width":500,"height":258},{"@type":"BreadcrumbList","@id":"https:\/\/sts.com.cy\/shop\/cctv\/nvr\/dahua-nvr-8ch-1hdd-80mbps-h265\/#breadcrumb","itemListElement":[{"@type":"ListItem","position":1,"name":"Home","item":"https:\/\/sts.com.cy\/"},{"@type":"ListItem","position":2,"name":"Shop","item":"https:\/\/sts.com.cy\/shop\/"},{"@type":"ListItem","position":3,"name":"Dahua NVR 8ch 1HDD 80mbps H265"}]},{"@type":"WebSite","@id":"https:\/\/sts.com.cy\/#website","url":"https:\/\/sts.com.cy\/","name":"STS.COM.CY","description":"THE REVOLUTION IN TECHNOLOGY","potentialAction":[{"@type":"SearchAction","target":{"@type":"EntryPoint","urlTemplate":"https:\/\/sts.com.cy\/?s={search_term_string}"},"query-input":{"@type":"PropertyValueSpecification","valueRequired":true,"valueName":"search_term_string"}}],"inLanguage":"el"}]}},"_links":{"self":[{"href":"https:\/\/sts.com.cy\/el\/wp-json\/wp\/v2\/product\/8399","targetHints":{"allow":["GET"]}}],"collection":[{"href":"https:\/\/sts.com.cy\/el\/wp-json\/wp\/v2\/product"}],"about":[{"href":"https:\/\/sts.com.cy\/el\/wp-json\/wp\/v2\/types\/product"}],"replies":[{"embeddable":true,"href":"https:\/\/sts.com.cy\/el\/wp-json\/wp\/v2\/comments?post=8399"}],"wp:featuredmedia":[{"embeddable":true,"href":"https:\/\/sts.com.cy\/el\/wp-json\/wp\/v2\/media\/8400"}],"wp:attachment":[{"href":"https:\/\/sts.com.cy\/el\/wp-json\/wp\/v2\/media?parent=8399"}],"wp:term":[{"taxonomy":"product_brand","embeddable":true,"href":"https:\/\/sts.com.cy\/el\/wp-json\/wp\/v2\/product_brand?post=8399"},{"taxonomy":"product_cat","embeddable":true,"href":"https:\/\/sts.com.cy\/el\/wp-json\/wp\/v2\/product_cat?post=8399"},{"taxonomy":"product_tag","embeddable":true,"href":"https:\/\/sts.com.cy\/el\/wp-json\/wp\/v2\/product_tag?post=8399"}],"curies":[{"name":"wp","href":"https:\/\/api.w.org\/{rel}","templated":true}]}}