{"id":8394,"date":"2025-08-05T01:15:11","date_gmt":"2025-08-04T23:15:11","guid":{"rendered":"https:\/\/sts.com.cy\/?post_type=product&#038;p=8394"},"modified":"2025-08-05T01:15:11","modified_gmt":"2025-08-04T23:15:11","slug":"dahua-ip-5-0mp-wifi-pt-dome-dual-illumination","status":"publish","type":"product","link":"https:\/\/sts.com.cy\/el\/shop\/cctv\/ip-cameras\/dahua-ip-5-0mp-wifi-pt-dome-dual-illumination\/","title":{"rendered":"Dahua IP 5.0MP Wifi PT Dome Dual Illumination"},"content":{"rendered":"<p>Fixed Lens<\/p>\n<ul>\n<li>Image Sensor : 1\/3&#8243; CMOS<\/li>\n<li>Max. Resolution : 2880\u00a0(H) \u00d7 1620\u00a0(V)<\/li>\n<li>Illumination Distance : Up to 30 m (98.43 ft) (IR) \/ Up to 20 m (65.62 ft) (Warm light)<\/li>\n<li>Illuminator Number : 2 (IR LED); 2 (Warm light)<\/li>\n<li>Angle Adjustment : -10\u00b0 to 15\u00b0<\/li>\n<li>Lens Type : Fixed-focal<\/li>\n<li>Focal Length : 2.8 mm<\/li>\n<li>Max. Aperture : F1.6<\/li>\n<li>Field of View : H: 95\u00b0; V: 53\u00b0; D: 110\u00b0<\/li>\n<\/ul>\n<p>PT Lens<\/p>\n<ul>\n<li>Image Sensor : 1\/3&#8243; CMOS<\/li>\n<li>Max. Resolution : 2880\u00a0(H) \u00d7 1620\u00a0(V)<\/li>\n<li>Illumination Distance : Up to 50 m (164.04 ft) (IR) \/ Up to 40 m (131.23 ft) (Warm light)<\/li>\n<li>Illuminator Number : 2 (IR LED); 2 (Warm light)<\/li>\n<li>Angle Adjustment : Pan: 0\u00b0 to 352\u00b0; \/ Tilt: 0\u00b0 to 90\u00b0<\/li>\n<li>Lens Type : Fixed-focal<\/li>\n<li>Focal Length : 6 mm<\/li>\n<li>Max. Aperture : F1.6<\/li>\n<li>Field of View : H: 49\u00b0; V: 26\u00b0; D: 57\u00b0<\/li>\n<\/ul>\n<p>Intelligence<\/p>\n<ul>\n<li>Human Detection : Yes<\/li>\n<li>Vehicle Detection : Yes<\/li>\n<\/ul>\n<p>Audio and Video<\/p>\n<ul>\n<li>Video Compression : H.265<\/li>\n<li>Video Frame Rate : Main stream: 2880\u00a0\u00d7 1620@15 fps<\/li>\n<li>sub stream: 640 \u00d7 360@15 fps<\/li>\n<\/ul>\n<p><strong>*The values above are the max. frame rates of each stream; for multiple streams, the values will be subjected to the total encoding capacity.<\/strong><\/p>\n<ul>\n<li>Video Bit Rate : H.265: 512 kbps\u20134096 kbps<\/li>\n<li>Day\/Night : Auto(ICR)\/Color\/B\/W<\/li>\n<li>WDR : DWDR<\/li>\n<li>Motion Detection : Yes<\/li>\n<li>Image Rotation : 0\u00b0\/180\u00b0<\/li>\n<li>Built-in MIC : Yes, built-in Mic<\/li>\n<li>Built-in Speaker : Yes, built-in speaker<\/li>\n<li>Audio Compression : G.711a<\/li>\n<\/ul>\n<p>Network<\/p>\n<ul>\n<li>Network Port : RJ-45 (10\/100 Base-T)<\/li>\n<li>Wi-Fi : IEEE 802.11b\/g\/n\/ax 2.412-2.472<\/li>\n<li>GHz,2.4G,\u226420dBm@2400-2483.5MHz<\/li>\n<li>Wi-Fi Pairing : Bluetooth pairing<\/li>\n<li>Storage : Micro SD card (support max. 256 GB)<\/li>\n<li>Management Software : DMSS<\/li>\n<li>Mobile Client : iOS;Android<\/li>\n<\/ul>\n<p>General<\/p>\n<ul>\n<li>Certifications : CE<\/li>\n<li>Power Supply : 12 VDC<\/li>\n<li>Power Consumption : Basic: 2.6\u00a0W \/ Max.: 10.6 W (pulling stream+ IR + siren and light active deterrence)<\/li>\n<li>Operating Temperature : \u201320 \u00b0C to +50 \u00b0C (\u20134 \u00b0F to +122 \u00b0F)<\/li>\n<li>Operating Humidity : \u226495% (RH), non-condensing<\/li>\n<li>Protection : IP66<\/li>\n<li>Casing Material : Plastic<\/li>\n<li>Product Dimensions : 159.4 mm \u00d7 119.1 mm \u00d7 210 mm (6.28&#8243; \u00d7 4.69&#8243; \u00d7 8.27&#8243;) (L \u00d7 W \u00d7 H)<\/li>\n<li>Net Weight : 585 g (1.29 lb)<\/li>\n<\/ul>","protected":false},"excerpt":{"rendered":"<ul>\n<li>Type: Outdoor<\/li>\n<li>Battery Powered: No<\/li>\n<li>Resolution: 3K<\/li>\n<li>Lens Type: PTZ<\/li>\n<li>Spotlight: Yes<\/li>\n<li>AI: Human Detection,Vehicle Detection<\/li>\n<li>Siren: Yes<\/li>\n<li>Smart Tracking: Yes<\/li>\n<li>Two-Way Audio: Yes<\/li>\n<li>Capacity: Up to 256GB SD<\/li>\n<\/ul>","protected":false},"featured_media":8395,"comment_status":"open","ping_status":"closed","template":"","meta":{"nf_dc_page":""},"product_brand":[70],"product_cat":[62,64],"product_tag":[],"class_list":{"0":"post-8394","1":"product","2":"type-product","3":"status-publish","4":"has-post-thumbnail","6":"product_brand-dahua","7":"product_cat-cctv","8":"product_cat-ip-cameras","9":"cms-has-post-thumbnail","11":"first","12":"instock","13":"shipping-taxable","14":"purchasable","15":"product-type-simple"},"yoast_head":"<!-- This site is optimized with the Yoast SEO plugin v27.5 - https:\/\/yoast.com\/product\/yoast-seo-wordpress\/ -->\n<title>Dahua IP 5.0MP Wifi PT Dome Dual Illumination - STS.COM.CY<\/title>\n<meta name=\"robots\" content=\"index, follow, max-snippet:-1, max-image-preview:large, max-video-preview:-1\" \/>\n<link rel=\"canonical\" href=\"https:\/\/sts.com.cy\/el\/shop\/cctv\/ip-cameras\/dahua-ip-5-0mp-wifi-pt-dome-dual-illumination\/\" \/>\n<meta property=\"og:locale\" content=\"el_GR\" \/>\n<meta property=\"og:type\" content=\"article\" \/>\n<meta property=\"og:title\" content=\"Dahua IP 5.0MP Wifi PT Dome Dual Illumination - STS.COM.CY\" \/>\n<meta property=\"og:description\" content=\"Type: Outdoor  Battery Powered: No  Resolution: 3K  Lens Type: PTZ  Spotlight: Yes  AI: Human Detection,Vehicle Detection  Siren: Yes  Smart Tracking: Yes  Two-Way Audio: Yes  Capacity: Up to 256GB SD\" \/>\n<meta property=\"og:url\" content=\"https:\/\/sts.com.cy\/el\/shop\/cctv\/ip-cameras\/dahua-ip-5-0mp-wifi-pt-dome-dual-illumination\/\" \/>\n<meta property=\"og:site_name\" content=\"STS.COM.CY\" \/>\n<meta property=\"og:image\" content=\"https:\/\/sts.com.cy\/wp-content\/uploads\/2025\/08\/Dahua-IP-5.0MP-Wifi-PT-Dome-Dual-Illumination.png\" \/>\n\t<meta property=\"og:image:width\" content=\"324\" \/>\n\t<meta property=\"og:image:height\" content=\"325\" \/>\n\t<meta property=\"og:image:type\" content=\"image\/png\" \/>\n<meta name=\"twitter:card\" content=\"summary_large_image\" \/>\n<meta name=\"twitter:label1\" content=\"\u0395\u03ba\u03c4\u03b9\u03bc\u03ce\u03bc\u03b5\u03bd\u03bf\u03c2 \u03c7\u03c1\u03cc\u03bd\u03bf\u03c2 \u03b1\u03bd\u03ac\u03b3\u03bd\u03c9\u03c3\u03b7\u03c2\" \/>\n\t<meta name=\"twitter:data1\" content=\"1 \u03bb\u03b5\u03c0\u03c4\u03cc\" \/>\n<script type=\"application\/ld+json\" class=\"yoast-schema-graph\">{\"@context\":\"https:\\\/\\\/schema.org\",\"@graph\":[{\"@type\":\"WebPage\",\"@id\":\"https:\\\/\\\/sts.com.cy\\\/shop\\\/cctv\\\/ip-cameras\\\/dahua-ip-5-0mp-wifi-pt-dome-dual-illumination\\\/\",\"url\":\"https:\\\/\\\/sts.com.cy\\\/shop\\\/cctv\\\/ip-cameras\\\/dahua-ip-5-0mp-wifi-pt-dome-dual-illumination\\\/\",\"name\":\"Dahua IP 5.0MP Wifi PT Dome Dual Illumination - STS.COM.CY\",\"isPartOf\":{\"@id\":\"https:\\\/\\\/sts.com.cy\\\/#website\"},\"primaryImageOfPage\":{\"@id\":\"https:\\\/\\\/sts.com.cy\\\/shop\\\/cctv\\\/ip-cameras\\\/dahua-ip-5-0mp-wifi-pt-dome-dual-illumination\\\/#primaryimage\"},\"image\":{\"@id\":\"https:\\\/\\\/sts.com.cy\\\/shop\\\/cctv\\\/ip-cameras\\\/dahua-ip-5-0mp-wifi-pt-dome-dual-illumination\\\/#primaryimage\"},\"thumbnailUrl\":\"https:\\\/\\\/sts.com.cy\\\/wp-content\\\/uploads\\\/2025\\\/08\\\/Dahua-IP-5.0MP-Wifi-PT-Dome-Dual-Illumination.png\",\"datePublished\":\"2025-08-04T23:15:11+00:00\",\"breadcrumb\":{\"@id\":\"https:\\\/\\\/sts.com.cy\\\/shop\\\/cctv\\\/ip-cameras\\\/dahua-ip-5-0mp-wifi-pt-dome-dual-illumination\\\/#breadcrumb\"},\"inLanguage\":\"el\",\"potentialAction\":[{\"@type\":\"ReadAction\",\"target\":[\"https:\\\/\\\/sts.com.cy\\\/shop\\\/cctv\\\/ip-cameras\\\/dahua-ip-5-0mp-wifi-pt-dome-dual-illumination\\\/\"]}]},{\"@type\":\"ImageObject\",\"inLanguage\":\"el\",\"@id\":\"https:\\\/\\\/sts.com.cy\\\/shop\\\/cctv\\\/ip-cameras\\\/dahua-ip-5-0mp-wifi-pt-dome-dual-illumination\\\/#primaryimage\",\"url\":\"https:\\\/\\\/sts.com.cy\\\/wp-content\\\/uploads\\\/2025\\\/08\\\/Dahua-IP-5.0MP-Wifi-PT-Dome-Dual-Illumination.png\",\"contentUrl\":\"https:\\\/\\\/sts.com.cy\\\/wp-content\\\/uploads\\\/2025\\\/08\\\/Dahua-IP-5.0MP-Wifi-PT-Dome-Dual-Illumination.png\",\"width\":324,\"height\":325},{\"@type\":\"BreadcrumbList\",\"@id\":\"https:\\\/\\\/sts.com.cy\\\/shop\\\/cctv\\\/ip-cameras\\\/dahua-ip-5-0mp-wifi-pt-dome-dual-illumination\\\/#breadcrumb\",\"itemListElement\":[{\"@type\":\"ListItem\",\"position\":1,\"name\":\"Home\",\"item\":\"https:\\\/\\\/sts.com.cy\\\/\"},{\"@type\":\"ListItem\",\"position\":2,\"name\":\"Shop\",\"item\":\"https:\\\/\\\/sts.com.cy\\\/shop\\\/\"},{\"@type\":\"ListItem\",\"position\":3,\"name\":\"Dahua IP 5.0MP Wifi PT Dome Dual Illumination\"}]},{\"@type\":\"WebSite\",\"@id\":\"https:\\\/\\\/sts.com.cy\\\/#website\",\"url\":\"https:\\\/\\\/sts.com.cy\\\/\",\"name\":\"STS.COM.CY\",\"description\":\"THE REVOLUTION IN TECHNOLOGY\",\"potentialAction\":[{\"@type\":\"SearchAction\",\"target\":{\"@type\":\"EntryPoint\",\"urlTemplate\":\"https:\\\/\\\/sts.com.cy\\\/?s={search_term_string}\"},\"query-input\":{\"@type\":\"PropertyValueSpecification\",\"valueRequired\":true,\"valueName\":\"search_term_string\"}}],\"inLanguage\":\"el\"}]}<\/script>\n<!-- \/ Yoast SEO plugin. -->","yoast_head_json":{"title":"Dahua IP 5.0MP Wifi PT Dome Dual Illumination - STS.COM.CY","robots":{"index":"index","follow":"follow","max-snippet":"max-snippet:-1","max-image-preview":"max-image-preview:large","max-video-preview":"max-video-preview:-1"},"canonical":"https:\/\/sts.com.cy\/el\/shop\/cctv\/ip-cameras\/dahua-ip-5-0mp-wifi-pt-dome-dual-illumination\/","og_locale":"el_GR","og_type":"article","og_title":"Dahua IP 5.0MP Wifi PT Dome Dual Illumination - STS.COM.CY","og_description":"Type: Outdoor  Battery Powered: No  Resolution: 3K  Lens Type: PTZ  Spotlight: Yes  AI: Human Detection,Vehicle Detection  Siren: Yes  Smart Tracking: Yes  Two-Way Audio: Yes  Capacity: Up to 256GB SD","og_url":"https:\/\/sts.com.cy\/el\/shop\/cctv\/ip-cameras\/dahua-ip-5-0mp-wifi-pt-dome-dual-illumination\/","og_site_name":"STS.COM.CY","og_image":[{"width":324,"height":325,"url":"https:\/\/sts.com.cy\/wp-content\/uploads\/2025\/08\/Dahua-IP-5.0MP-Wifi-PT-Dome-Dual-Illumination.png","type":"image\/png"}],"twitter_card":"summary_large_image","twitter_misc":{"\u0395\u03ba\u03c4\u03b9\u03bc\u03ce\u03bc\u03b5\u03bd\u03bf\u03c2 \u03c7\u03c1\u03cc\u03bd\u03bf\u03c2 \u03b1\u03bd\u03ac\u03b3\u03bd\u03c9\u03c3\u03b7\u03c2":"1 \u03bb\u03b5\u03c0\u03c4\u03cc"},"schema":{"@context":"https:\/\/schema.org","@graph":[{"@type":"WebPage","@id":"https:\/\/sts.com.cy\/shop\/cctv\/ip-cameras\/dahua-ip-5-0mp-wifi-pt-dome-dual-illumination\/","url":"https:\/\/sts.com.cy\/shop\/cctv\/ip-cameras\/dahua-ip-5-0mp-wifi-pt-dome-dual-illumination\/","name":"Dahua IP 5.0MP Wifi PT Dome Dual Illumination - STS.COM.CY","isPartOf":{"@id":"https:\/\/sts.com.cy\/#website"},"primaryImageOfPage":{"@id":"https:\/\/sts.com.cy\/shop\/cctv\/ip-cameras\/dahua-ip-5-0mp-wifi-pt-dome-dual-illumination\/#primaryimage"},"image":{"@id":"https:\/\/sts.com.cy\/shop\/cctv\/ip-cameras\/dahua-ip-5-0mp-wifi-pt-dome-dual-illumination\/#primaryimage"},"thumbnailUrl":"https:\/\/sts.com.cy\/wp-content\/uploads\/2025\/08\/Dahua-IP-5.0MP-Wifi-PT-Dome-Dual-Illumination.png","datePublished":"2025-08-04T23:15:11+00:00","breadcrumb":{"@id":"https:\/\/sts.com.cy\/shop\/cctv\/ip-cameras\/dahua-ip-5-0mp-wifi-pt-dome-dual-illumination\/#breadcrumb"},"inLanguage":"el","potentialAction":[{"@type":"ReadAction","target":["https:\/\/sts.com.cy\/shop\/cctv\/ip-cameras\/dahua-ip-5-0mp-wifi-pt-dome-dual-illumination\/"]}]},{"@type":"ImageObject","inLanguage":"el","@id":"https:\/\/sts.com.cy\/shop\/cctv\/ip-cameras\/dahua-ip-5-0mp-wifi-pt-dome-dual-illumination\/#primaryimage","url":"https:\/\/sts.com.cy\/wp-content\/uploads\/2025\/08\/Dahua-IP-5.0MP-Wifi-PT-Dome-Dual-Illumination.png","contentUrl":"https:\/\/sts.com.cy\/wp-content\/uploads\/2025\/08\/Dahua-IP-5.0MP-Wifi-PT-Dome-Dual-Illumination.png","width":324,"height":325},{"@type":"BreadcrumbList","@id":"https:\/\/sts.com.cy\/shop\/cctv\/ip-cameras\/dahua-ip-5-0mp-wifi-pt-dome-dual-illumination\/#breadcrumb","itemListElement":[{"@type":"ListItem","position":1,"name":"Home","item":"https:\/\/sts.com.cy\/"},{"@type":"ListItem","position":2,"name":"Shop","item":"https:\/\/sts.com.cy\/shop\/"},{"@type":"ListItem","position":3,"name":"Dahua IP 5.0MP Wifi PT Dome Dual Illumination"}]},{"@type":"WebSite","@id":"https:\/\/sts.com.cy\/#website","url":"https:\/\/sts.com.cy\/","name":"STS.COM.CY","description":"THE REVOLUTION IN TECHNOLOGY","potentialAction":[{"@type":"SearchAction","target":{"@type":"EntryPoint","urlTemplate":"https:\/\/sts.com.cy\/?s={search_term_string}"},"query-input":{"@type":"PropertyValueSpecification","valueRequired":true,"valueName":"search_term_string"}}],"inLanguage":"el"}]}},"_links":{"self":[{"href":"https:\/\/sts.com.cy\/el\/wp-json\/wp\/v2\/product\/8394","targetHints":{"allow":["GET"]}}],"collection":[{"href":"https:\/\/sts.com.cy\/el\/wp-json\/wp\/v2\/product"}],"about":[{"href":"https:\/\/sts.com.cy\/el\/wp-json\/wp\/v2\/types\/product"}],"replies":[{"embeddable":true,"href":"https:\/\/sts.com.cy\/el\/wp-json\/wp\/v2\/comments?post=8394"}],"wp:featuredmedia":[{"embeddable":true,"href":"https:\/\/sts.com.cy\/el\/wp-json\/wp\/v2\/media\/8395"}],"wp:attachment":[{"href":"https:\/\/sts.com.cy\/el\/wp-json\/wp\/v2\/media?parent=8394"}],"wp:term":[{"taxonomy":"product_brand","embeddable":true,"href":"https:\/\/sts.com.cy\/el\/wp-json\/wp\/v2\/product_brand?post=8394"},{"taxonomy":"product_cat","embeddable":true,"href":"https:\/\/sts.com.cy\/el\/wp-json\/wp\/v2\/product_cat?post=8394"},{"taxonomy":"product_tag","embeddable":true,"href":"https:\/\/sts.com.cy\/el\/wp-json\/wp\/v2\/product_tag?post=8394"}],"curies":[{"name":"wp","href":"https:\/\/api.w.org\/{rel}","templated":true}]}}