{"id":8373,"date":"2025-08-04T18:17:39","date_gmt":"2025-08-04T16:17:39","guid":{"rendered":"https:\/\/sts.com.cy\/?post_type=product&#038;p=8373"},"modified":"2025-08-04T18:25:39","modified_gmt":"2025-08-04T16:25:39","slug":"dahua-alarm-hub-2-kit-wifi-4g-hubpirkeyfobdoor-arc3800h-03-fw2-868mhz","status":"publish","type":"product","link":"https:\/\/sts.com.cy\/el\/shop\/intruder-alarm\/wireless\/motion-detector\/dahua-alarm-hub-2-kit-wifi-4g-hubpirkeyfobdoor-arc3800h-03-fw2-868mhz\/","title":{"rendered":"Dahua Alarm Hub 2 Kit WiFi\/4G (Hub+PIR+Keyfob+Door) ARC3800H-03-FW2 (868Mhz)"},"content":{"rendered":"<p>Port<\/p>\n<ul>\n<li>Wireless Zone : Hub:150 channels wireless peripherals (6 sirens, 64 PIR cameras(only 8 indoor PIR cameras), 64 keyfobs, 8 keypads and 4 repeaters)<\/li>\n<li>Network Mode : Hub:Ethernet, Wi-Fi and Cellular network(Supports installation of dual SIM cards. Only one card can be enabled at a time)<\/li>\n<li>Network Port : Hub: 1 RJ-45, 10 Mbps\/100 Mbps Ethernet port.<\/li>\n<li>Storage Battery : Hub: One built-in 4,750 mAh rechargeable lithium battery.<\/li>\n<\/ul>\n<p>Video &amp; Audio<\/p>\n<ul>\n<li>Video Input : Hub: 8-ch IPC, which only supports the upload of alarm videos.<\/li>\n<li>Audio Output : Hub: 1 channel<\/li>\n<li>Volume Control : Hub: Yes<\/li>\n<li>Voice Broadcast : Hub: Telephone and local speaker<\/li>\n<\/ul>\n<p>Function<\/p>\n<ul>\n<li>Indicator Light : Hub: The indicator indicates the status of alarms, arming and disarming, the network connection and device failure. \/ Keyfob: 1 dual-color status indicator (Green means normal and red means abnormal) \/ Door Detector: 1 green alarm indicator \/ PIR Detector: 1 green alarm indicator<\/li>\n<li>Button : Hub: Includes a reset button, voltage button and AP<\/li>\n<li>switch button. \/ Keyfob: 4 (Home, Away, Disarm, and SOS) \/ Door Detector: 1 power switch \/ PIR Detector: 1 power switch<\/li>\n<li>SMS : Hub: Yes (up to 5 phone numbers)<\/li>\n<li>Phone Call : Hub: Yes (up to 5 phone numbers)<\/li>\n<li>Video Linkage : Hub: Yes<\/li>\n<li>Offline Cache : Hub: Stores up to 50 alarm messages.<\/li>\n<li>Arm and Disarm : Hub: App, Keypad, remote control, card, scheduled arming and disarming.<\/li>\n<li>Remote Update : All: Cloud update<\/li>\n<li>Low Battery Detection : All: Yes<\/li>\n<li>Tamper : Hub: Yes \/ Door Detector: Yes \/ PIR Detector: Yes\u20a9Hub: Yes Door Detector: Yes PIR Detector: Yes<\/li>\n<li>User Management : Hub: 33 app users (31 general users, 1 admin user and 1 installer) and 32 keypad users<\/li>\n<li>Logs : Hub: Up to 5, 000 entries<\/li>\n<li>Measuring Range (Temperature) : Door Detector: \u201315 \u00b0C to +65 \u00b0C (+5 \u00b0F to +149 \u00b0F) (indoor) \/ PIR Detector: \u201315 \u00b0C to +65 \u00b0C (+5\u00b0F to +149 \u00b0F) (indoor)<\/li>\n<li>Transmission Protocol : Hub: SIA, SoftGuard<\/li>\n<\/ul>\n<p>Technical<\/p>\n<ul>\n<li>Sensor : Door Detector: Reed switch \/ PIR Detector: Dual elements low-noise PIR sensor<\/li>\n<li>Detection Mode : PIR Detector: PIR<\/li>\n<li>Sensitivity : PIR Detector: 3 levels adjustable<\/li>\n<li>Detection Range : PIR Detector: 12 m (39.37 ft) (90\u00b0) with installation height of 2.2 m (7.21 ft)<\/li>\n<li>Detection Speed : PIR Detector: 0.3 m\/s\u20133 m\/s (0.98 ft\/s\u20139.84 ft\/s)<\/li>\n<li>Movement Distance : Door Detector: &lt; 40 mm (1.57&#8243;)<\/li>\n<li>Pet Immunity Level L: PIR Detector: \u2264 18 kg (39.68 lb)<\/li>\n<li>White Light Resistance Level : PIR Detector: 6500 lx<\/li>\n<li>Two-way Digital Temperature Compensation : PIR Detector: Yes, no attenuation of detection distance in high temperature.<\/li>\n<li>Scenario : Door Detector: Non-metal doors<\/li>\n<\/ul>\n<p>Wireless<\/p>\n<ul>\n<li>Carrier Frequency : All: 868.0 MHz\u2013868.6 MHz<\/li>\n<li>Transmitter Power (EIRP) : All: Limit 25 mW<\/li>\n<li>Communication Mechanism : All: Two-way<\/li>\n<li>Communication Distance : Hub: Up to 2,000 m (6561.68 ft) in an open space \/ Keyfob: Up to 900 m (2952.76 ft) in an open space \/ Door Detector: Up to 1,200 m (3937.01 ft) in an open space. \/ PIR Detector: Up to 1,600 m (5249.34 ft) in an open space.<\/li>\n<li>Encryption Mode : All: AES128<\/li>\n<li>Frequency Hopping : All: Yes<\/li>\n<\/ul>\n<p>General<\/p>\n<ul>\n<li>Language : Hub: Up to 7 languages are supported for SMS: English, Spanish (Latin America), French, Italian, Arabic, Turkish, and Danish. It is set as English by default. The alarm voice message feature and local speaker support English and Italian.<\/li>\n<li>Power Supply : Hub: 100-240 VAC, 50\/60 HZ \/ Keyfob: CR2032 battery \/ Door Detector: CR123A battery \/ PIR Detector: CR123A battery<\/li>\n<li>Standby Time : Hub:The battery lasts up to 12 hours when it is fully<\/li>\n<li>charged and is within the following conditions: It is connected to the Wi-Fi, its ID is connected to the alarm receiving center, the heartbeat interval is 1,800 seconds, and it is connected to 8 peripherals and the cloud. \/ Keyfob: 3 years \/ Door Detector: 4 years \/ PIR Detector: 4 years<\/li>\n<li>Power Consumption : Hub: Max. 12 W \/ Keyfob: Max. 100 mW \/ Door Detector: Max. 125 mW \/ PIR Detector: Max. 120 mW<\/li>\n<li>Operating Temperature : All: \u201310 \u00b0C to +55 \u00b0C (+14 \u00b0F to +131 \u00b0F) (indoor)<\/li>\n<li>Operating Humidity : All: 10%\u201390% (RH)<\/li>\n<li>Product Dimensions : Hub: 174.8 mm \u00d7 174.8 mm \u00d7 38.3 mm (6.88\u201d \u00d7 6.88\u201d \u00d7<\/li>\n<li>1.51\u201d) (L \u00d7 W \u00d7 H) \/ Keyfob: 60.0 mm \u00d7 39.5 mm \u00d7 15.0 mm (2.36&#8243; \u00d7 1.56&#8243; \u00d7<\/li>\n<li>0.59&#8243;) (L \u00d7 W \u00d7 H) \/ Door Detector: 100.2 mm \u00d7 20.8 mm \u00d7 20.3 mm (3.94&#8243;<\/li>\n<li>\u00d7 0.82&#8243; \u00d7 0.80&#8243;) (L \u00d7 W \u00d7 H) \/ PIR Detector: 104.0 mm \u00d7 60.0 mm \u00d7 50.0 mm (4.09&#8243; \u00d7 2.36&#8243; \u00d7 1.97&#8243;) (L \u00d7 W \u00d7 H)<\/li>\n<li>Net Weight : Hub: 510 g (1.12 lb) \/ Keyfob: 20 g (0.04 lb) \/ Door Detector: 70 g (0.15 lb) \/ PIR Detector: 100 g (0.22 lb)<\/li>\n<li>Gross Weight : Kit: 1.46 kg (3.22 lb)<\/li>\n<li>Installation : Hub: Wall mount; Desktop mount \/ Door Detector: Bracket mount \/ PIR Detector: Wall mount<\/li>\n<li>Casing Material : All: PC + ABS<\/li>\n<li>Certifications : Hub:CE \/ Keyfob: CE EN 50131-1:2006+A1:2009+A2:2017+A3:2020 EN50131-6:2017 EN 50131-5-3:2017 EN 50131-3:2009 Security Grade 2 Environmental Class II \/ Door Detector:CE EN 50131-1:2006+A1:2009+A2:2017+A3:2020 EN 50131-6:2017 EN 50131-5-3:2017 EN 50131-2-6:2008 Security Grade 2 Environmental Class II \/ PIR Detector: CE EN 50131-1:2006+A1:2009+A2:2017+A3:2020 EN 50131-2-2:2017 EN 50131-6:2017 EN 50131-5-3:2017 Security Grade 2 Environmental Class II<\/li>\n<li>Anti-corrosion Level : Basic Protection<\/li>\n<li>Storage Temperature : All: \u201310 \u00b0C to +55 \u00b0C (+14 \u00b0F to +131 \u00b0F)<\/li>\n<li>Storage Humidity : All: 10%\u201390% (RH)<\/li>\n<li>Packaging Dimensions : Kit: 270 mm \u00d7 218 mm \u00d7 122 mm (10.63&#8243; \u00d7 8.58&#8243; \u00d7 4.80&#8243;) (L \u00d7 W \u00d7 H)<\/li>\n<\/ul>\n<p>Wi-Fi<\/p>\n<ul>\n<li>Wi-Fi Standard : Hub:IEEE 802.11b\/g\/n<\/li>\n<li>Wi-Fi Frequency Range : Hub:2400-2483.5 MHz<\/li>\n<li>Wi-Fi Power Transmission : Hub:\u226420\u00a0dBm@2400-2483.5\u00a0MHz<\/li>\n<\/ul>\n<p>Cellular Network<\/p>\n<p>Transmitter Power (EIRP) : Hub: \/ 4G: Power class3: 23 dBm\u00b12dB \/ 3G: Power class3: 24 dBm+1\/-3dB \/ 2G: Power class0: 30 dBm\u00b13dB\uff08GSM900\uff09 \/ Power class5: 33 dBm\u00b13dB\uff08GSM1800\uff09<\/p>\n<p>Cellular Network Standard : Hub:GSM\/WCDMA\/LTE<\/p>\n<p>Frequency Range : Hub:\u00a04G\uff1aFDD-LTE: B1\/B3\/B7\/B8\/B20\/B28A; TDD-LTE: B38\/B40\/B41; \/ 3G\uff1aWCDMA: B1\/B8; \/ 2G\uff1aGSM: 1,800\/900MHz;<\/p>","protected":false},"excerpt":{"rendered":"<ul>\n<li>Supports alarm video verification through integration of the IPC with the hub.<\/li>\n<li>Images can be remotely and quickly transferred from the PIR-Cam to the device.<\/li>\n<li>Features voice call alarm.<\/li>\n<li>Supports wired and AP network configuration methods, which makes it easier to add the hub to apps and to switch to the hub&#8217;s network.<\/li>\n<li>Supports multi-network redundancy for Ethernet, Wi-Fi and 4G networks to ensure the network remains stable and reliable.<\/li>\n<li>Supports two-way communication and frequency hopping to make communication with wireless peripherals stable and reliable.<\/li>\n<li>Features cloud update. You can also remotely update the device and wireless peripherals on the mobile app.<\/li>\n<li>Offers a dual backup system, and uses auto recovery when an update fails.<\/li>\n<\/ul>","protected":false},"featured_media":8376,"comment_status":"open","ping_status":"closed","template":"","meta":{"nf_dc_page":""},"product_brand":[70],"product_cat":[115,113],"product_tag":[],"class_list":{"0":"post-8373","1":"product","2":"type-product","3":"status-publish","4":"has-post-thumbnail","6":"product_brand-dahua","7":"product_cat-motion-detector","8":"product_cat-wireless","9":"cms-has-post-thumbnail","11":"first","12":"instock","13":"shipping-taxable","14":"purchasable","15":"product-type-simple"},"yoast_head":"<!-- This site is optimized with the Yoast SEO plugin v27.5 - https:\/\/yoast.com\/product\/yoast-seo-wordpress\/ -->\n<title>Dahua Alarm Hub 2 Kit WiFi\/4G (Hub+PIR+Keyfob+Door) ARC3800H-03-FW2 (868Mhz) - STS.COM.CY<\/title>\n<meta name=\"robots\" content=\"index, follow, max-snippet:-1, max-image-preview:large, max-video-preview:-1\" \/>\n<link rel=\"canonical\" href=\"https:\/\/sts.com.cy\/el\/shop\/intruder-alarm\/wireless\/motion-detector\/dahua-alarm-hub-2-kit-wifi-4g-hubpirkeyfobdoor-arc3800h-03-fw2-868mhz\/\" \/>\n<meta property=\"og:locale\" content=\"el_GR\" \/>\n<meta property=\"og:type\" content=\"article\" \/>\n<meta property=\"og:title\" content=\"Dahua Alarm Hub 2 Kit WiFi\/4G (Hub+PIR+Keyfob+Door) ARC3800H-03-FW2 (868Mhz) - STS.COM.CY\" \/>\n<meta property=\"og:description\" content=\"Supports alarm video verification through integration of the IPC with the hub.  Images can be remotely and quickly transferred from the PIR-Cam to the device.  Features voice call alarm.  Supports wired and AP network configuration methods, which makes it easier to add the hub to apps and to switch to the hub&#039;s network.  Supports multi-network redundancy for Ethernet, Wi-Fi and 4G networks to ensure the network remains stable and reliable.  Supports two-way communication and frequency hopping to make communication with wireless peripherals stable and reliable.  Features cloud update. You can also remotely update the device and wireless peripherals on the mobile app.  Offers a dual backup system, and uses auto recovery when an update fails.\" \/>\n<meta property=\"og:url\" content=\"https:\/\/sts.com.cy\/el\/shop\/intruder-alarm\/wireless\/motion-detector\/dahua-alarm-hub-2-kit-wifi-4g-hubpirkeyfobdoor-arc3800h-03-fw2-868mhz\/\" \/>\n<meta property=\"og:site_name\" content=\"STS.COM.CY\" \/>\n<meta property=\"article:modified_time\" content=\"2025-08-04T16:25:39+00:00\" \/>\n<meta property=\"og:image\" content=\"https:\/\/sts.com.cy\/wp-content\/uploads\/2025\/08\/500x231x90-ImportedPhoto_1743414331280.jpg\" \/>\n\t<meta property=\"og:image:width\" content=\"500\" \/>\n\t<meta property=\"og:image:height\" content=\"231\" \/>\n\t<meta property=\"og:image:type\" content=\"image\/jpeg\" \/>\n<meta name=\"twitter:card\" content=\"summary_large_image\" \/>\n<meta name=\"twitter:label1\" content=\"\u0395\u03ba\u03c4\u03b9\u03bc\u03ce\u03bc\u03b5\u03bd\u03bf\u03c2 \u03c7\u03c1\u03cc\u03bd\u03bf\u03c2 \u03b1\u03bd\u03ac\u03b3\u03bd\u03c9\u03c3\u03b7\u03c2\" \/>\n\t<meta name=\"twitter:data1\" content=\"4 \u03bb\u03b5\u03c0\u03c4\u03ac\" \/>\n<script type=\"application\/ld+json\" class=\"yoast-schema-graph\">{\"@context\":\"https:\\\/\\\/schema.org\",\"@graph\":[{\"@type\":\"WebPage\",\"@id\":\"https:\\\/\\\/sts.com.cy\\\/shop\\\/intruder-alarm\\\/wireless\\\/motion-detector\\\/dahua-alarm-hub-2-kit-wifi-4g-hubpirkeyfobdoor-arc3800h-03-fw2-868mhz\\\/\",\"url\":\"https:\\\/\\\/sts.com.cy\\\/shop\\\/intruder-alarm\\\/wireless\\\/motion-detector\\\/dahua-alarm-hub-2-kit-wifi-4g-hubpirkeyfobdoor-arc3800h-03-fw2-868mhz\\\/\",\"name\":\"Dahua Alarm Hub 2 Kit WiFi\\\/4G (Hub+PIR+Keyfob+Door) ARC3800H-03-FW2 (868Mhz) - STS.COM.CY\",\"isPartOf\":{\"@id\":\"https:\\\/\\\/sts.com.cy\\\/#website\"},\"primaryImageOfPage\":{\"@id\":\"https:\\\/\\\/sts.com.cy\\\/shop\\\/intruder-alarm\\\/wireless\\\/motion-detector\\\/dahua-alarm-hub-2-kit-wifi-4g-hubpirkeyfobdoor-arc3800h-03-fw2-868mhz\\\/#primaryimage\"},\"image\":{\"@id\":\"https:\\\/\\\/sts.com.cy\\\/shop\\\/intruder-alarm\\\/wireless\\\/motion-detector\\\/dahua-alarm-hub-2-kit-wifi-4g-hubpirkeyfobdoor-arc3800h-03-fw2-868mhz\\\/#primaryimage\"},\"thumbnailUrl\":\"https:\\\/\\\/sts.com.cy\\\/wp-content\\\/uploads\\\/2025\\\/08\\\/500x231x90-ImportedPhoto_1743414331280.jpg\",\"datePublished\":\"2025-08-04T16:17:39+00:00\",\"dateModified\":\"2025-08-04T16:25:39+00:00\",\"breadcrumb\":{\"@id\":\"https:\\\/\\\/sts.com.cy\\\/shop\\\/intruder-alarm\\\/wireless\\\/motion-detector\\\/dahua-alarm-hub-2-kit-wifi-4g-hubpirkeyfobdoor-arc3800h-03-fw2-868mhz\\\/#breadcrumb\"},\"inLanguage\":\"el\",\"potentialAction\":[{\"@type\":\"ReadAction\",\"target\":[\"https:\\\/\\\/sts.com.cy\\\/shop\\\/intruder-alarm\\\/wireless\\\/motion-detector\\\/dahua-alarm-hub-2-kit-wifi-4g-hubpirkeyfobdoor-arc3800h-03-fw2-868mhz\\\/\"]}]},{\"@type\":\"ImageObject\",\"inLanguage\":\"el\",\"@id\":\"https:\\\/\\\/sts.com.cy\\\/shop\\\/intruder-alarm\\\/wireless\\\/motion-detector\\\/dahua-alarm-hub-2-kit-wifi-4g-hubpirkeyfobdoor-arc3800h-03-fw2-868mhz\\\/#primaryimage\",\"url\":\"https:\\\/\\\/sts.com.cy\\\/wp-content\\\/uploads\\\/2025\\\/08\\\/500x231x90-ImportedPhoto_1743414331280.jpg\",\"contentUrl\":\"https:\\\/\\\/sts.com.cy\\\/wp-content\\\/uploads\\\/2025\\\/08\\\/500x231x90-ImportedPhoto_1743414331280.jpg\",\"width\":500,\"height\":231},{\"@type\":\"BreadcrumbList\",\"@id\":\"https:\\\/\\\/sts.com.cy\\\/shop\\\/intruder-alarm\\\/wireless\\\/motion-detector\\\/dahua-alarm-hub-2-kit-wifi-4g-hubpirkeyfobdoor-arc3800h-03-fw2-868mhz\\\/#breadcrumb\",\"itemListElement\":[{\"@type\":\"ListItem\",\"position\":1,\"name\":\"Home\",\"item\":\"https:\\\/\\\/sts.com.cy\\\/\"},{\"@type\":\"ListItem\",\"position\":2,\"name\":\"Shop\",\"item\":\"https:\\\/\\\/sts.com.cy\\\/shop\\\/\"},{\"@type\":\"ListItem\",\"position\":3,\"name\":\"Dahua Alarm Hub 2 Kit WiFi\\\/4G (Hub+PIR+Keyfob+Door) ARC3800H-03-FW2 (868Mhz)\"}]},{\"@type\":\"WebSite\",\"@id\":\"https:\\\/\\\/sts.com.cy\\\/#website\",\"url\":\"https:\\\/\\\/sts.com.cy\\\/\",\"name\":\"STS.COM.CY\",\"description\":\"THE REVOLUTION IN TECHNOLOGY\",\"potentialAction\":[{\"@type\":\"SearchAction\",\"target\":{\"@type\":\"EntryPoint\",\"urlTemplate\":\"https:\\\/\\\/sts.com.cy\\\/?s={search_term_string}\"},\"query-input\":{\"@type\":\"PropertyValueSpecification\",\"valueRequired\":true,\"valueName\":\"search_term_string\"}}],\"inLanguage\":\"el\"}]}<\/script>\n<!-- \/ Yoast SEO plugin. -->","yoast_head_json":{"title":"Dahua Alarm Hub 2 Kit WiFi\/4G (Hub+PIR+Keyfob+Door) ARC3800H-03-FW2 (868Mhz) - STS.COM.CY","robots":{"index":"index","follow":"follow","max-snippet":"max-snippet:-1","max-image-preview":"max-image-preview:large","max-video-preview":"max-video-preview:-1"},"canonical":"https:\/\/sts.com.cy\/el\/shop\/intruder-alarm\/wireless\/motion-detector\/dahua-alarm-hub-2-kit-wifi-4g-hubpirkeyfobdoor-arc3800h-03-fw2-868mhz\/","og_locale":"el_GR","og_type":"article","og_title":"Dahua Alarm Hub 2 Kit WiFi\/4G (Hub+PIR+Keyfob+Door) ARC3800H-03-FW2 (868Mhz) - STS.COM.CY","og_description":"Supports alarm video verification through integration of the IPC with the hub.  Images can be remotely and quickly transferred from the PIR-Cam to the device.  Features voice call alarm.  Supports wired and AP network configuration methods, which makes it easier to add the hub to apps and to switch to the hub's network.  Supports multi-network redundancy for Ethernet, Wi-Fi and 4G networks to ensure the network remains stable and reliable.  Supports two-way communication and frequency hopping to make communication with wireless peripherals stable and reliable.  Features cloud update. You can also remotely update the device and wireless peripherals on the mobile app.  Offers a dual backup system, and uses auto recovery when an update fails.","og_url":"https:\/\/sts.com.cy\/el\/shop\/intruder-alarm\/wireless\/motion-detector\/dahua-alarm-hub-2-kit-wifi-4g-hubpirkeyfobdoor-arc3800h-03-fw2-868mhz\/","og_site_name":"STS.COM.CY","article_modified_time":"2025-08-04T16:25:39+00:00","og_image":[{"width":500,"height":231,"url":"https:\/\/sts.com.cy\/wp-content\/uploads\/2025\/08\/500x231x90-ImportedPhoto_1743414331280.jpg","type":"image\/jpeg"}],"twitter_card":"summary_large_image","twitter_misc":{"\u0395\u03ba\u03c4\u03b9\u03bc\u03ce\u03bc\u03b5\u03bd\u03bf\u03c2 \u03c7\u03c1\u03cc\u03bd\u03bf\u03c2 \u03b1\u03bd\u03ac\u03b3\u03bd\u03c9\u03c3\u03b7\u03c2":"4 \u03bb\u03b5\u03c0\u03c4\u03ac"},"schema":{"@context":"https:\/\/schema.org","@graph":[{"@type":"WebPage","@id":"https:\/\/sts.com.cy\/shop\/intruder-alarm\/wireless\/motion-detector\/dahua-alarm-hub-2-kit-wifi-4g-hubpirkeyfobdoor-arc3800h-03-fw2-868mhz\/","url":"https:\/\/sts.com.cy\/shop\/intruder-alarm\/wireless\/motion-detector\/dahua-alarm-hub-2-kit-wifi-4g-hubpirkeyfobdoor-arc3800h-03-fw2-868mhz\/","name":"Dahua Alarm Hub 2 Kit WiFi\/4G (Hub+PIR+Keyfob+Door) ARC3800H-03-FW2 (868Mhz) - STS.COM.CY","isPartOf":{"@id":"https:\/\/sts.com.cy\/#website"},"primaryImageOfPage":{"@id":"https:\/\/sts.com.cy\/shop\/intruder-alarm\/wireless\/motion-detector\/dahua-alarm-hub-2-kit-wifi-4g-hubpirkeyfobdoor-arc3800h-03-fw2-868mhz\/#primaryimage"},"image":{"@id":"https:\/\/sts.com.cy\/shop\/intruder-alarm\/wireless\/motion-detector\/dahua-alarm-hub-2-kit-wifi-4g-hubpirkeyfobdoor-arc3800h-03-fw2-868mhz\/#primaryimage"},"thumbnailUrl":"https:\/\/sts.com.cy\/wp-content\/uploads\/2025\/08\/500x231x90-ImportedPhoto_1743414331280.jpg","datePublished":"2025-08-04T16:17:39+00:00","dateModified":"2025-08-04T16:25:39+00:00","breadcrumb":{"@id":"https:\/\/sts.com.cy\/shop\/intruder-alarm\/wireless\/motion-detector\/dahua-alarm-hub-2-kit-wifi-4g-hubpirkeyfobdoor-arc3800h-03-fw2-868mhz\/#breadcrumb"},"inLanguage":"el","potentialAction":[{"@type":"ReadAction","target":["https:\/\/sts.com.cy\/shop\/intruder-alarm\/wireless\/motion-detector\/dahua-alarm-hub-2-kit-wifi-4g-hubpirkeyfobdoor-arc3800h-03-fw2-868mhz\/"]}]},{"@type":"ImageObject","inLanguage":"el","@id":"https:\/\/sts.com.cy\/shop\/intruder-alarm\/wireless\/motion-detector\/dahua-alarm-hub-2-kit-wifi-4g-hubpirkeyfobdoor-arc3800h-03-fw2-868mhz\/#primaryimage","url":"https:\/\/sts.com.cy\/wp-content\/uploads\/2025\/08\/500x231x90-ImportedPhoto_1743414331280.jpg","contentUrl":"https:\/\/sts.com.cy\/wp-content\/uploads\/2025\/08\/500x231x90-ImportedPhoto_1743414331280.jpg","width":500,"height":231},{"@type":"BreadcrumbList","@id":"https:\/\/sts.com.cy\/shop\/intruder-alarm\/wireless\/motion-detector\/dahua-alarm-hub-2-kit-wifi-4g-hubpirkeyfobdoor-arc3800h-03-fw2-868mhz\/#breadcrumb","itemListElement":[{"@type":"ListItem","position":1,"name":"Home","item":"https:\/\/sts.com.cy\/"},{"@type":"ListItem","position":2,"name":"Shop","item":"https:\/\/sts.com.cy\/shop\/"},{"@type":"ListItem","position":3,"name":"Dahua Alarm Hub 2 Kit WiFi\/4G (Hub+PIR+Keyfob+Door) ARC3800H-03-FW2 (868Mhz)"}]},{"@type":"WebSite","@id":"https:\/\/sts.com.cy\/#website","url":"https:\/\/sts.com.cy\/","name":"STS.COM.CY","description":"THE REVOLUTION IN TECHNOLOGY","potentialAction":[{"@type":"SearchAction","target":{"@type":"EntryPoint","urlTemplate":"https:\/\/sts.com.cy\/?s={search_term_string}"},"query-input":{"@type":"PropertyValueSpecification","valueRequired":true,"valueName":"search_term_string"}}],"inLanguage":"el"}]}},"_links":{"self":[{"href":"https:\/\/sts.com.cy\/el\/wp-json\/wp\/v2\/product\/8373","targetHints":{"allow":["GET"]}}],"collection":[{"href":"https:\/\/sts.com.cy\/el\/wp-json\/wp\/v2\/product"}],"about":[{"href":"https:\/\/sts.com.cy\/el\/wp-json\/wp\/v2\/types\/product"}],"replies":[{"embeddable":true,"href":"https:\/\/sts.com.cy\/el\/wp-json\/wp\/v2\/comments?post=8373"}],"wp:featuredmedia":[{"embeddable":true,"href":"https:\/\/sts.com.cy\/el\/wp-json\/wp\/v2\/media\/8376"}],"wp:attachment":[{"href":"https:\/\/sts.com.cy\/el\/wp-json\/wp\/v2\/media?parent=8373"}],"wp:term":[{"taxonomy":"product_brand","embeddable":true,"href":"https:\/\/sts.com.cy\/el\/wp-json\/wp\/v2\/product_brand?post=8373"},{"taxonomy":"product_cat","embeddable":true,"href":"https:\/\/sts.com.cy\/el\/wp-json\/wp\/v2\/product_cat?post=8373"},{"taxonomy":"product_tag","embeddable":true,"href":"https:\/\/sts.com.cy\/el\/wp-json\/wp\/v2\/product_tag?post=8373"}],"curies":[{"name":"wp","href":"https:\/\/api.w.org\/{rel}","templated":true}]}}