{"id":8371,"date":"2025-08-04T18:10:31","date_gmt":"2025-08-04T16:10:31","guid":{"rendered":"https:\/\/sts.com.cy\/?post_type=product&#038;p=8371"},"modified":"2025-08-04T18:26:37","modified_gmt":"2025-08-04T16:26:37","slug":"dahua-alarm-hub-2-kit-wifi-hubpirkeyfobdoor-arc3800h-03-w2","status":"publish","type":"product","link":"https:\/\/sts.com.cy\/el\/shop\/intruder-alarm\/wireless\/panel\/dahua-alarm-hub-2-kit-wifi-hubpirkeyfobdoor-arc3800h-03-w2\/","title":{"rendered":"Dahua Alarm Hub 2 Kit WiFi (Hub+PIR+Keyfob+Door) ARC3800H-03-W2"},"content":{"rendered":"<p>Port<\/p>\n<ul>\n<li>Wireless Zone<\/li>\n<li>Hub: 150 channels for wireless peripherals (6 sirens, 64 PIR cameras (only 8 indoor PIR cameras), 64 keyfobs, 8 keypads, 4 repeaters)<\/li>\n<li>Network Mode : Hub: Ethernet and Wi-Fi<\/li>\n<li>Network Port : Hub: 1 RJ-45, 10 Mbps\/100 Mbps Ethernet port<\/li>\n<li>Storage Battery : Hub: One built-in 4,750 mAh rechargeable lithium battery<\/li>\n<\/ul>\n<p>Video &amp; Audio<\/p>\n<ul>\n<li>Video Input : Hub: 8-ch IPC (only supports alarm video upload)<\/li>\n<li>Audio Output : Hub: 1 channel<\/li>\n<li>Volume Control : Hub: Yes<\/li>\n<li>Voice Broadcast : Hub: Local speaker<\/li>\n<\/ul>\n<p>Function<\/p>\n<ul>\n<li>Indicator Light : Hub: Status of alarms, arming\/disarming, network, device failure \/ Keyfob: 1 dual-color status indicator (Green = normal, Red = abnormal) \/ Door Detector: 1 green alarm indicator \/ PIR Detector: 1 green alarm indicator<\/li>\n<li>Button : Hub: Reset button, voltage button, AP switch button \/ Keyfob: 4 buttons (Home, Away, Disarm, SOS) \/ Door Detector: 1 power switch \/ PIR Detector: 1 power switch<\/li>\n<li>Video Linkage : Hub: Yes<\/li>\n<li>Offline Cache : Hub: Up to 50 alarm messages<\/li>\n<li>Arm &amp; Disarm : Hub: App, Keypad, remote control, card, scheduled arming\/disarming<\/li>\n<li>Remote Update : All: Cloud update<\/li>\n<li>Low Battery Detection : All: Yes<\/li>\n<li>Tamper : Hub: Yes \/ Door Detector: Yes \/ PIR Detector: Yes<\/li>\n<li>User Management : Hub: 33 app users (31 general, 1 admin, 1 installer) and 32 keypad users<\/li>\n<li>Logs : Hub: Up to 5,000 entries<\/li>\n<li>Measuring Range (Temperature) :\u00a0 Door Detector: \u201315 \u00b0C to +65 \u00b0C (+5 \u00b0F to +149 \u00b0F) (indoor) \/ PIR Detector: \u201315 \u00b0C to +65 \u00b0C (+5 \u00b0F to +149 \u00b0F) (indoor)<\/li>\n<li>Transmission Protocol : Hub: SIA, SoftGuard<\/li>\n<\/ul>\n<p>Technical<\/p>\n<ul>\n<li>Sensor : Door Detector: Reed switch \/ PIR Detector: Dual-element low-noise PIR sensor<\/li>\n<li>Detection Mode : PIR Detector: PIR<\/li>\n<li>Sensitivity : PIR Detector: 3 levels adjustable<\/li>\n<li>Detection Range : PIR Detector: 12 m (39.37 ft) (90\u00b0) at 2.2 m (7.21 ft) installation height<\/li>\n<li>Detection Speed : PIR Detector: 0.3 m\/s\u20133 m\/s (0.98 ft\/s\u20139.84 ft\/s)<\/li>\n<li>Movement Distance : Door Detector: &lt; 40 mm (1.57&#8243;)<\/li>\n<li>Pet Immunity Level : PIR Detector: \u226418 kg (39.68 lb)<\/li>\n<li>White Light Resistance Level : PIR Detector: 2000 lx<\/li>\n<li>Two-way Digital Temperature Compensation : PIR Detector: Yes (no attenuation in high temperature)<\/li>\n<li>Scenario : Door Detector: Non-metal doors<\/li>\n<\/ul>\n<p>Wireless<\/p>\n<ul>\n<li>Carrier Frequency : All: 433.1 MHz\u2013434.6 MHz<\/li>\n<li>Transmitter Power (EIRP) : All: \u226410 mW<\/li>\n<li>Communication Mechanism : All: Two-way<\/li>\n<li>Communication Distance (open space) : Hub: Up to 1,400 m (4593.18 ft) \/ Keyfob: Up to 500 m (1640.42 ft) \/ Door Detector: Up to 1,000 m (3280.84 ft) \/ PIR Detector: Up to 1,200 m (3937.01 ft)<\/li>\n<li>Encryption Mode : All: AES128<\/li>\n<li>Frequency Hopping : All: Yes<\/li>\n<\/ul>\n<p>General<\/p>\n<ul>\n<li>Language : Hub: English<\/li>\n<li>Power Supply : Hub: 100-240 VAC, 50\/60 Hz \/ Keyfob: CR2032 battery \/ Door Detector: CR123A battery \/ PIR Detector: CR123A battery<\/li>\n<li>Standby Time : Hub: Up to 12 hours (Wi-Fi connected, alarm center linked, 1,800s heartbeat, 8 peripherals) \/ Keyfob: 3 years \/ Door Detector: 4 years \/ PIR Detector: 4 years<\/li>\n<li>Power Consumption : Hub: 220 VAC 80 mA (Max), 220 VAC 40 mA (Standby) \/ Keyfob: 40 mA (Max), 0.5 \u00b5A (Standby) \/ Door Detector: 42 mA (Max), 29 \u00b5A (Standby) \/ PIR Detector: 44 mA (Max), 34 \u00b5A (Standby)<\/li>\n<li>Operating Temperature : All: \u201310 \u00b0C to +55 \u00b0C (+14 \u00b0F to +131 \u00b0F) (indoor)<\/li>\n<li>Operating Humidity : All: 10%\u201390% RH<\/li>\n<li>Product Dimensions (L \u00d7 W \u00d7 H) : Hub: 174.8 \u00d7 174.8 \u00d7 38.3 mm (6.88&#8243; \u00d7 6.88&#8243; \u00d7 1.51&#8243;) \/ Keyfob: 60.0 \u00d7 39.5 \u00d7 15.0 mm (2.36&#8243; \u00d7 1.56&#8243; \u00d7 0.59&#8243;) \/ Door Detector: 100.2 \u00d7 20.8 \u00d7 20.3 mm (3.94&#8243; \u00d7 0.82&#8243; \u00d7 0.80&#8243;) \/ PIR Detector: 104.0 \u00d7 60.0 \u00d7 50.0 mm (4.09&#8243; \u00d7 2.36&#8243; \u00d7 1.97&#8243;)<\/li>\n<li>Net Weight : Hub: 510 g (1.12 lb) \/ Keyfob: 20 g (0.04 lb) \/ Door Detector: 70 g (0.15 lb) \/ PIR Detector: 100 g (0.22 lb)<\/li>\n<li>Gross Weight : Kit: 1.46 kg (3.22 lb)<\/li>\n<li>Installation : Hub: Wall mount \/ Desktop mount \/ Door Detector: Bracket mount \/ PIR Detector: Wall mount<\/li>\n<li>Casing Material : All: PC + ABS<\/li>\n<li>Certifications : All: CE<\/li>\n<li>Anti-corrosion Level : Basic protection<\/li>\n<li>Storage Temperature : All: \u201310 \u00b0C to +55 \u00b0C (+14 \u00b0F to +131 \u00b0F)<\/li>\n<li>Storage Humidity : All: 10%\u201390% RH<\/li>\n<li>Packaging Dimensions (L \u00d7 W \u00d7 H) : Kit: 270 \u00d7 218 \u00d7 122 mm (10.63&#8243; \u00d7 8.58&#8243; \u00d7 4.80&#8243;)<\/li>\n<\/ul>\n<p>Wi-Fi<\/p>\n<ul>\n<li>Wi-Fi Standard\u00a0: Hub: IEEE 802.11b\/g\/n<\/li>\n<li>Wi-Fi Frequency Range : Hub: 2400-2483.5 MHz<\/li>\n<li>Wi-Fi Power Transmission : Hub: \u226420\u00a0dBm@2400-2483.5\u00a0MHz<\/li>\n<\/ul>","protected":false},"excerpt":{"rendered":"<ul>\n<li>Supports alarm video verification through integration of the IPC with the hub.<\/li>\n<li>Images can be remotely and quickly transferred from the PIR-Cam to the device.<\/li>\n<li>Supports wired and AP network configuration methods, which makes it easier to add the hub to apps and to switch to the hub&#8217;s network.<\/li>\n<li>Supports multi-network redundancy for Ethernet and Wi-Fi to ensure the network remains stable and reliable.<\/li>\n<li>Supports two-way communication and frequency hopping to make communication with wireless peripherals stable and reliable.<\/li>\n<li>Features cloud update. You can also remotely update the device and wireless peripherals on the mobile app.<\/li>\n<li>Offers a dual backup system, and uses auto recovery when an update fails.<\/li>\n<\/ul>","protected":false},"featured_media":8376,"comment_status":"open","ping_status":"closed","template":"","meta":{"nf_dc_page":""},"product_brand":[70],"product_cat":[114,113],"product_tag":[],"class_list":{"0":"post-8371","1":"product","2":"type-product","3":"status-publish","4":"has-post-thumbnail","6":"product_brand-dahua","7":"product_cat-panel","8":"product_cat-wireless","9":"cms-has-post-thumbnail","11":"first","12":"instock","13":"shipping-taxable","14":"purchasable","15":"product-type-simple"},"yoast_head":"<!-- This site is optimized with the Yoast SEO plugin v27.5 - https:\/\/yoast.com\/product\/yoast-seo-wordpress\/ -->\n<title>Dahua Alarm Hub 2 Kit WiFi (Hub+PIR+Keyfob+Door) ARC3800H-03-W2 - STS.COM.CY<\/title>\n<meta name=\"robots\" content=\"index, follow, max-snippet:-1, max-image-preview:large, max-video-preview:-1\" \/>\n<link rel=\"canonical\" href=\"https:\/\/sts.com.cy\/el\/shop\/intruder-alarm\/wireless\/panel\/dahua-alarm-hub-2-kit-wifi-hubpirkeyfobdoor-arc3800h-03-w2\/\" \/>\n<meta property=\"og:locale\" content=\"el_GR\" \/>\n<meta property=\"og:type\" content=\"article\" \/>\n<meta property=\"og:title\" content=\"Dahua Alarm Hub 2 Kit WiFi (Hub+PIR+Keyfob+Door) ARC3800H-03-W2 - STS.COM.CY\" \/>\n<meta property=\"og:description\" content=\"Supports alarm video verification through integration of the IPC with the hub.  Images can be remotely and quickly transferred from the PIR-Cam to the device.  Supports wired and AP network configuration methods, which makes it easier to add the hub to apps and to switch to the hub&#039;s network.  Supports multi-network redundancy for Ethernet and Wi-Fi to ensure the network remains stable and reliable.  Supports two-way communication and frequency hopping to make communication with wireless peripherals stable and reliable.  Features cloud update. You can also remotely update the device and wireless peripherals on the mobile app.  Offers a dual backup system, and uses auto recovery when an update fails.\" \/>\n<meta property=\"og:url\" content=\"https:\/\/sts.com.cy\/el\/shop\/intruder-alarm\/wireless\/panel\/dahua-alarm-hub-2-kit-wifi-hubpirkeyfobdoor-arc3800h-03-w2\/\" \/>\n<meta property=\"og:site_name\" content=\"STS.COM.CY\" \/>\n<meta property=\"article:modified_time\" content=\"2025-08-04T16:26:37+00:00\" \/>\n<meta property=\"og:image\" content=\"https:\/\/sts.com.cy\/wp-content\/uploads\/2025\/08\/500x231x90-ImportedPhoto_1743414331280.jpg\" \/>\n\t<meta property=\"og:image:width\" content=\"500\" \/>\n\t<meta property=\"og:image:height\" content=\"231\" \/>\n\t<meta property=\"og:image:type\" content=\"image\/jpeg\" \/>\n<meta name=\"twitter:card\" content=\"summary_large_image\" \/>\n<meta name=\"twitter:label1\" content=\"\u0395\u03ba\u03c4\u03b9\u03bc\u03ce\u03bc\u03b5\u03bd\u03bf\u03c2 \u03c7\u03c1\u03cc\u03bd\u03bf\u03c2 \u03b1\u03bd\u03ac\u03b3\u03bd\u03c9\u03c3\u03b7\u03c2\" \/>\n\t<meta name=\"twitter:data1\" content=\"3 \u03bb\u03b5\u03c0\u03c4\u03ac\" \/>\n<script type=\"application\/ld+json\" class=\"yoast-schema-graph\">{\"@context\":\"https:\\\/\\\/schema.org\",\"@graph\":[{\"@type\":\"WebPage\",\"@id\":\"https:\\\/\\\/sts.com.cy\\\/shop\\\/intruder-alarm\\\/wireless\\\/panel\\\/dahua-alarm-hub-2-kit-wifi-hubpirkeyfobdoor-arc3800h-03-w2\\\/\",\"url\":\"https:\\\/\\\/sts.com.cy\\\/shop\\\/intruder-alarm\\\/wireless\\\/panel\\\/dahua-alarm-hub-2-kit-wifi-hubpirkeyfobdoor-arc3800h-03-w2\\\/\",\"name\":\"Dahua Alarm Hub 2 Kit WiFi (Hub+PIR+Keyfob+Door) ARC3800H-03-W2 - STS.COM.CY\",\"isPartOf\":{\"@id\":\"https:\\\/\\\/sts.com.cy\\\/#website\"},\"primaryImageOfPage\":{\"@id\":\"https:\\\/\\\/sts.com.cy\\\/shop\\\/intruder-alarm\\\/wireless\\\/panel\\\/dahua-alarm-hub-2-kit-wifi-hubpirkeyfobdoor-arc3800h-03-w2\\\/#primaryimage\"},\"image\":{\"@id\":\"https:\\\/\\\/sts.com.cy\\\/shop\\\/intruder-alarm\\\/wireless\\\/panel\\\/dahua-alarm-hub-2-kit-wifi-hubpirkeyfobdoor-arc3800h-03-w2\\\/#primaryimage\"},\"thumbnailUrl\":\"https:\\\/\\\/sts.com.cy\\\/wp-content\\\/uploads\\\/2025\\\/08\\\/500x231x90-ImportedPhoto_1743414331280.jpg\",\"datePublished\":\"2025-08-04T16:10:31+00:00\",\"dateModified\":\"2025-08-04T16:26:37+00:00\",\"breadcrumb\":{\"@id\":\"https:\\\/\\\/sts.com.cy\\\/shop\\\/intruder-alarm\\\/wireless\\\/panel\\\/dahua-alarm-hub-2-kit-wifi-hubpirkeyfobdoor-arc3800h-03-w2\\\/#breadcrumb\"},\"inLanguage\":\"el\",\"potentialAction\":[{\"@type\":\"ReadAction\",\"target\":[\"https:\\\/\\\/sts.com.cy\\\/shop\\\/intruder-alarm\\\/wireless\\\/panel\\\/dahua-alarm-hub-2-kit-wifi-hubpirkeyfobdoor-arc3800h-03-w2\\\/\"]}]},{\"@type\":\"ImageObject\",\"inLanguage\":\"el\",\"@id\":\"https:\\\/\\\/sts.com.cy\\\/shop\\\/intruder-alarm\\\/wireless\\\/panel\\\/dahua-alarm-hub-2-kit-wifi-hubpirkeyfobdoor-arc3800h-03-w2\\\/#primaryimage\",\"url\":\"https:\\\/\\\/sts.com.cy\\\/wp-content\\\/uploads\\\/2025\\\/08\\\/500x231x90-ImportedPhoto_1743414331280.jpg\",\"contentUrl\":\"https:\\\/\\\/sts.com.cy\\\/wp-content\\\/uploads\\\/2025\\\/08\\\/500x231x90-ImportedPhoto_1743414331280.jpg\",\"width\":500,\"height\":231},{\"@type\":\"BreadcrumbList\",\"@id\":\"https:\\\/\\\/sts.com.cy\\\/shop\\\/intruder-alarm\\\/wireless\\\/panel\\\/dahua-alarm-hub-2-kit-wifi-hubpirkeyfobdoor-arc3800h-03-w2\\\/#breadcrumb\",\"itemListElement\":[{\"@type\":\"ListItem\",\"position\":1,\"name\":\"Home\",\"item\":\"https:\\\/\\\/sts.com.cy\\\/\"},{\"@type\":\"ListItem\",\"position\":2,\"name\":\"Shop\",\"item\":\"https:\\\/\\\/sts.com.cy\\\/shop\\\/\"},{\"@type\":\"ListItem\",\"position\":3,\"name\":\"Dahua Alarm Hub 2 Kit WiFi (Hub+PIR+Keyfob+Door) ARC3800H-03-W2\"}]},{\"@type\":\"WebSite\",\"@id\":\"https:\\\/\\\/sts.com.cy\\\/#website\",\"url\":\"https:\\\/\\\/sts.com.cy\\\/\",\"name\":\"STS.COM.CY\",\"description\":\"THE REVOLUTION IN TECHNOLOGY\",\"potentialAction\":[{\"@type\":\"SearchAction\",\"target\":{\"@type\":\"EntryPoint\",\"urlTemplate\":\"https:\\\/\\\/sts.com.cy\\\/?s={search_term_string}\"},\"query-input\":{\"@type\":\"PropertyValueSpecification\",\"valueRequired\":true,\"valueName\":\"search_term_string\"}}],\"inLanguage\":\"el\"}]}<\/script>\n<!-- \/ Yoast SEO plugin. -->","yoast_head_json":{"title":"Dahua Alarm Hub 2 Kit WiFi (Hub+PIR+Keyfob+Door) ARC3800H-03-W2 - STS.COM.CY","robots":{"index":"index","follow":"follow","max-snippet":"max-snippet:-1","max-image-preview":"max-image-preview:large","max-video-preview":"max-video-preview:-1"},"canonical":"https:\/\/sts.com.cy\/el\/shop\/intruder-alarm\/wireless\/panel\/dahua-alarm-hub-2-kit-wifi-hubpirkeyfobdoor-arc3800h-03-w2\/","og_locale":"el_GR","og_type":"article","og_title":"Dahua Alarm Hub 2 Kit WiFi (Hub+PIR+Keyfob+Door) ARC3800H-03-W2 - STS.COM.CY","og_description":"Supports alarm video verification through integration of the IPC with the hub.  Images can be remotely and quickly transferred from the PIR-Cam to the device.  Supports wired and AP network configuration methods, which makes it easier to add the hub to apps and to switch to the hub's network.  Supports multi-network redundancy for Ethernet and Wi-Fi to ensure the network remains stable and reliable.  Supports two-way communication and frequency hopping to make communication with wireless peripherals stable and reliable.  Features cloud update. You can also remotely update the device and wireless peripherals on the mobile app.  Offers a dual backup system, and uses auto recovery when an update fails.","og_url":"https:\/\/sts.com.cy\/el\/shop\/intruder-alarm\/wireless\/panel\/dahua-alarm-hub-2-kit-wifi-hubpirkeyfobdoor-arc3800h-03-w2\/","og_site_name":"STS.COM.CY","article_modified_time":"2025-08-04T16:26:37+00:00","og_image":[{"width":500,"height":231,"url":"https:\/\/sts.com.cy\/wp-content\/uploads\/2025\/08\/500x231x90-ImportedPhoto_1743414331280.jpg","type":"image\/jpeg"}],"twitter_card":"summary_large_image","twitter_misc":{"\u0395\u03ba\u03c4\u03b9\u03bc\u03ce\u03bc\u03b5\u03bd\u03bf\u03c2 \u03c7\u03c1\u03cc\u03bd\u03bf\u03c2 \u03b1\u03bd\u03ac\u03b3\u03bd\u03c9\u03c3\u03b7\u03c2":"3 \u03bb\u03b5\u03c0\u03c4\u03ac"},"schema":{"@context":"https:\/\/schema.org","@graph":[{"@type":"WebPage","@id":"https:\/\/sts.com.cy\/shop\/intruder-alarm\/wireless\/panel\/dahua-alarm-hub-2-kit-wifi-hubpirkeyfobdoor-arc3800h-03-w2\/","url":"https:\/\/sts.com.cy\/shop\/intruder-alarm\/wireless\/panel\/dahua-alarm-hub-2-kit-wifi-hubpirkeyfobdoor-arc3800h-03-w2\/","name":"Dahua Alarm Hub 2 Kit WiFi (Hub+PIR+Keyfob+Door) ARC3800H-03-W2 - STS.COM.CY","isPartOf":{"@id":"https:\/\/sts.com.cy\/#website"},"primaryImageOfPage":{"@id":"https:\/\/sts.com.cy\/shop\/intruder-alarm\/wireless\/panel\/dahua-alarm-hub-2-kit-wifi-hubpirkeyfobdoor-arc3800h-03-w2\/#primaryimage"},"image":{"@id":"https:\/\/sts.com.cy\/shop\/intruder-alarm\/wireless\/panel\/dahua-alarm-hub-2-kit-wifi-hubpirkeyfobdoor-arc3800h-03-w2\/#primaryimage"},"thumbnailUrl":"https:\/\/sts.com.cy\/wp-content\/uploads\/2025\/08\/500x231x90-ImportedPhoto_1743414331280.jpg","datePublished":"2025-08-04T16:10:31+00:00","dateModified":"2025-08-04T16:26:37+00:00","breadcrumb":{"@id":"https:\/\/sts.com.cy\/shop\/intruder-alarm\/wireless\/panel\/dahua-alarm-hub-2-kit-wifi-hubpirkeyfobdoor-arc3800h-03-w2\/#breadcrumb"},"inLanguage":"el","potentialAction":[{"@type":"ReadAction","target":["https:\/\/sts.com.cy\/shop\/intruder-alarm\/wireless\/panel\/dahua-alarm-hub-2-kit-wifi-hubpirkeyfobdoor-arc3800h-03-w2\/"]}]},{"@type":"ImageObject","inLanguage":"el","@id":"https:\/\/sts.com.cy\/shop\/intruder-alarm\/wireless\/panel\/dahua-alarm-hub-2-kit-wifi-hubpirkeyfobdoor-arc3800h-03-w2\/#primaryimage","url":"https:\/\/sts.com.cy\/wp-content\/uploads\/2025\/08\/500x231x90-ImportedPhoto_1743414331280.jpg","contentUrl":"https:\/\/sts.com.cy\/wp-content\/uploads\/2025\/08\/500x231x90-ImportedPhoto_1743414331280.jpg","width":500,"height":231},{"@type":"BreadcrumbList","@id":"https:\/\/sts.com.cy\/shop\/intruder-alarm\/wireless\/panel\/dahua-alarm-hub-2-kit-wifi-hubpirkeyfobdoor-arc3800h-03-w2\/#breadcrumb","itemListElement":[{"@type":"ListItem","position":1,"name":"Home","item":"https:\/\/sts.com.cy\/"},{"@type":"ListItem","position":2,"name":"Shop","item":"https:\/\/sts.com.cy\/shop\/"},{"@type":"ListItem","position":3,"name":"Dahua Alarm Hub 2 Kit WiFi (Hub+PIR+Keyfob+Door) ARC3800H-03-W2"}]},{"@type":"WebSite","@id":"https:\/\/sts.com.cy\/#website","url":"https:\/\/sts.com.cy\/","name":"STS.COM.CY","description":"THE REVOLUTION IN TECHNOLOGY","potentialAction":[{"@type":"SearchAction","target":{"@type":"EntryPoint","urlTemplate":"https:\/\/sts.com.cy\/?s={search_term_string}"},"query-input":{"@type":"PropertyValueSpecification","valueRequired":true,"valueName":"search_term_string"}}],"inLanguage":"el"}]}},"_links":{"self":[{"href":"https:\/\/sts.com.cy\/el\/wp-json\/wp\/v2\/product\/8371","targetHints":{"allow":["GET"]}}],"collection":[{"href":"https:\/\/sts.com.cy\/el\/wp-json\/wp\/v2\/product"}],"about":[{"href":"https:\/\/sts.com.cy\/el\/wp-json\/wp\/v2\/types\/product"}],"replies":[{"embeddable":true,"href":"https:\/\/sts.com.cy\/el\/wp-json\/wp\/v2\/comments?post=8371"}],"wp:featuredmedia":[{"embeddable":true,"href":"https:\/\/sts.com.cy\/el\/wp-json\/wp\/v2\/media\/8376"}],"wp:attachment":[{"href":"https:\/\/sts.com.cy\/el\/wp-json\/wp\/v2\/media?parent=8371"}],"wp:term":[{"taxonomy":"product_brand","embeddable":true,"href":"https:\/\/sts.com.cy\/el\/wp-json\/wp\/v2\/product_brand?post=8371"},{"taxonomy":"product_cat","embeddable":true,"href":"https:\/\/sts.com.cy\/el\/wp-json\/wp\/v2\/product_cat?post=8371"},{"taxonomy":"product_tag","embeddable":true,"href":"https:\/\/sts.com.cy\/el\/wp-json\/wp\/v2\/product_tag?post=8371"}],"curies":[{"name":"wp","href":"https:\/\/api.w.org\/{rel}","templated":true}]}}